{"id":10440,"date":"2024-12-01T12:27:03","date_gmt":"2024-12-01T12:27:03","guid":{"rendered":"https:\/\/rdbella.fr\/?post_type=product&#038;p=10440"},"modified":"2024-12-06T22:44:43","modified_gmt":"2024-12-06T22:44:43","slug":"robe-coreene-en-burgundy","status":"publish","type":"product","link":"https:\/\/rdbella.fr\/?product=robe-coreene-en-burgundy","title":{"rendered":"Robe cor\u00e9ene en burgundy"},"content":{"rendered":"<p>pull avec pull<br \/>\n4500 da<br \/>\nStandard<br \/>\nTissu cor\u00e9en<br \/>\nElle porte tr\u00e8s tr\u00e8s bien<\/p>\n","protected":false},"excerpt":{"rendered":"<p>pull avec pull 4500 da Standard Tissu cor\u00e9en Elle porte tr\u00e8s tr\u00e8s bien<\/p>\n","protected":false},"featured_media":10442,"comment_status":"open","ping_status":"closed","template":"","meta":[],"product_brand":[],"product_cat":[65,171],"product_tag":[],"class_list":{"0":"post-10440","1":"product","2":"type-product","3":"status-publish","4":"has-post-thumbnail","6":"product_cat-robe","7":"product_cat-171","9":"first","10":"instock","11":"sale","12":"shipping-taxable","13":"purchasable","14":"product-type-simple"},"jetpack_sharing_enabled":true,"_links":{"self":[{"href":"https:\/\/rdbella.fr\/index.php?rest_route=\/wp\/v2\/product\/10440","targetHints":{"allow":["GET"]}}],"collection":[{"href":"https:\/\/rdbella.fr\/index.php?rest_route=\/wp\/v2\/product"}],"about":[{"href":"https:\/\/rdbella.fr\/index.php?rest_route=\/wp\/v2\/types\/product"}],"replies":[{"embeddable":true,"href":"https:\/\/rdbella.fr\/index.php?rest_route=%2Fwp%2Fv2%2Fcomments&post=10440"}],"wp:featuredmedia":[{"embeddable":true,"href":"https:\/\/rdbella.fr\/index.php?rest_route=\/wp\/v2\/media\/10442"}],"wp:attachment":[{"href":"https:\/\/rdbella.fr\/index.php?rest_route=%2Fwp%2Fv2%2Fmedia&parent=10440"}],"wp:term":[{"taxonomy":"product_brand","embeddable":true,"href":"https:\/\/rdbella.fr\/index.php?rest_route=%2Fwp%2Fv2%2Fproduct_brand&post=10440"},{"taxonomy":"product_cat","embeddable":true,"href":"https:\/\/rdbella.fr\/index.php?rest_route=%2Fwp%2Fv2%2Fproduct_cat&post=10440"},{"taxonomy":"product_tag","embeddable":true,"href":"https:\/\/rdbella.fr\/index.php?rest_route=%2Fwp%2Fv2%2Fproduct_tag&post=10440"}],"curies":[{"name":"wp","href":"https:\/\/api.w.org\/{rel}","templated":true}]}}