{"id":10647,"date":"2025-06-11T21:39:07","date_gmt":"2025-06-11T21:39:07","guid":{"rendered":"https:\/\/rdbella.fr\/?post_type=product&#038;p=10647"},"modified":"2026-04-28T15:04:30","modified_gmt":"2026-04-28T15:04:30","slug":"turban-rose-fonce-bordeau","status":"publish","type":"product","link":"https:\/\/rdbella.fr\/?product=turban-rose-fonce-bordeau","title":{"rendered":"Turban  \u00e0 fleur rose fonc\u00e9 ( bordeau )"},"content":{"rendered":"<p>Turban 3 pi\u00e8ce<\/p>\n<p>tres pratique pour baigner pour tout les jours<\/p>\n<p>\u064a\u062c\u0648 \u0644\u0627\u0633\u0642\u064a\u0646<\/p>\n<p>bonnet foulard chouchou<\/p>\n","protected":false},"excerpt":{"rendered":"<p>Turban 3 pi\u00e8ce tres pratique pour baigner pour tout les jours \u064a\u062c\u0648 \u0644\u0627\u0633\u0642\u064a\u0646 bonnet foulard chouchou<\/p>\n","protected":false},"featured_media":10650,"comment_status":"open","ping_status":"closed","template":"","meta":[],"product_brand":[],"product_cat":[186],"product_tag":[],"class_list":{"0":"post-10647","1":"product","2":"type-product","3":"status-publish","4":"has-post-thumbnail","6":"product_cat-turban-foulard","8":"first","9":"outofstock","10":"shipping-taxable","11":"purchasable","12":"product-type-simple"},"jetpack_sharing_enabled":true,"_links":{"self":[{"href":"https:\/\/rdbella.fr\/index.php?rest_route=\/wp\/v2\/product\/10647","targetHints":{"allow":["GET"]}}],"collection":[{"href":"https:\/\/rdbella.fr\/index.php?rest_route=\/wp\/v2\/product"}],"about":[{"href":"https:\/\/rdbella.fr\/index.php?rest_route=\/wp\/v2\/types\/product"}],"replies":[{"embeddable":true,"href":"https:\/\/rdbella.fr\/index.php?rest_route=%2Fwp%2Fv2%2Fcomments&post=10647"}],"wp:featuredmedia":[{"embeddable":true,"href":"https:\/\/rdbella.fr\/index.php?rest_route=\/wp\/v2\/media\/10650"}],"wp:attachment":[{"href":"https:\/\/rdbella.fr\/index.php?rest_route=%2Fwp%2Fv2%2Fmedia&parent=10647"}],"wp:term":[{"taxonomy":"product_brand","embeddable":true,"href":"https:\/\/rdbella.fr\/index.php?rest_route=%2Fwp%2Fv2%2Fproduct_brand&post=10647"},{"taxonomy":"product_cat","embeddable":true,"href":"https:\/\/rdbella.fr\/index.php?rest_route=%2Fwp%2Fv2%2Fproduct_cat&post=10647"},{"taxonomy":"product_tag","embeddable":true,"href":"https:\/\/rdbella.fr\/index.php?rest_route=%2Fwp%2Fv2%2Fproduct_tag&post=10647"}],"curies":[{"name":"wp","href":"https:\/\/api.w.org\/{rel}","templated":true}]}}