{"id":12135,"date":"2025-10-09T11:25:01","date_gmt":"2025-10-09T11:25:01","guid":{"rendered":"https:\/\/rdbella.fr\/?post_type=product&#038;p=12135"},"modified":"2025-10-09T13:08:59","modified_gmt":"2025-10-09T13:08:59","slug":"ensemble-jeans-new","status":"publish","type":"product","link":"https:\/\/rdbella.fr\/?product=ensemble-jeans-new","title":{"rendered":"Ensemble jeans New"},"content":{"rendered":"<p>Tissu : jeans moyen ( ni lourd ni l\u00e9ger ) l\u00e0 tr\u00e8s bonne qualit\u00e9 , le vrai jeans<\/p>\n<p>d\u00e9tail :<\/p>\n<p>tunique \u00e9vas\u00e9 la d\u00e9coupe large<\/p>\n<p>fermeture sur le dos<\/p>\n<p>d\u00e9tail sur la manche<\/p>\n<p>la longueur et la largeur \u00e7a change par taille<\/p>\n<p>pantalon taille haute , p\u00e2te deph , long<\/p>\n<p>Model porte taille 38 40 elle porte taille S 1m70<\/p>\n<p>&nbsp;<\/p>\n<h1 class=\"zds-title-m zrc-size-guide-header__title\"><span style=\"--form-field-gap: 8px;border: 0px;font-style: inherit;font-weight: inherit;line-height: inherit;font-family: inherit;font-size: 13px;margin: 0px;padding: 0px;vertical-align: baseline\">DIMENSIONS DU PRODUIT<\/span><\/h1>\n<p class=\"zds-body-m zrc-size-guide-header__subtitle\">Les mesures peuvent pr\u00e9senter de petites diff\u00e9rences en raison du processus de production. Le v\u00eatement est mesur\u00e9 \u00e0 plat<\/p>\n","protected":false},"excerpt":{"rendered":"<p>Tissu : jeans moyen ( ni lourd ni l\u00e9ger ) l\u00e0 tr\u00e8s bonne qualit\u00e9 , le vrai jeans d\u00e9tail : tunique \u00e9vas\u00e9 la d\u00e9coupe large fermeture sur le dos d\u00e9tail sur la manche la longueur et la largeur \u00e7a change par taille pantalon taille haute , p\u00e2te deph , long Model porte taille 38 40 [&#8230;]\n","protected":false},"featured_media":12142,"comment_status":"open","ping_status":"closed","template":"","meta":[],"product_brand":[],"product_cat":[108,28],"product_tag":[],"class_list":{"0":"post-12135","1":"product","2":"type-product","3":"status-publish","4":"has-post-thumbnail","6":"product_cat-ensemble","7":"product_cat-pre-a-porter","9":"first","10":"instock","11":"shipping-taxable","12":"purchasable","13":"product-type-variable"},"jetpack_sharing_enabled":true,"_links":{"self":[{"href":"https:\/\/rdbella.fr\/index.php?rest_route=\/wp\/v2\/product\/12135","targetHints":{"allow":["GET"]}}],"collection":[{"href":"https:\/\/rdbella.fr\/index.php?rest_route=\/wp\/v2\/product"}],"about":[{"href":"https:\/\/rdbella.fr\/index.php?rest_route=\/wp\/v2\/types\/product"}],"replies":[{"embeddable":true,"href":"https:\/\/rdbella.fr\/index.php?rest_route=%2Fwp%2Fv2%2Fcomments&post=12135"}],"wp:featuredmedia":[{"embeddable":true,"href":"https:\/\/rdbella.fr\/index.php?rest_route=\/wp\/v2\/media\/12142"}],"wp:attachment":[{"href":"https:\/\/rdbella.fr\/index.php?rest_route=%2Fwp%2Fv2%2Fmedia&parent=12135"}],"wp:term":[{"taxonomy":"product_brand","embeddable":true,"href":"https:\/\/rdbella.fr\/index.php?rest_route=%2Fwp%2Fv2%2Fproduct_brand&post=12135"},{"taxonomy":"product_cat","embeddable":true,"href":"https:\/\/rdbella.fr\/index.php?rest_route=%2Fwp%2Fv2%2Fproduct_cat&post=12135"},{"taxonomy":"product_tag","embeddable":true,"href":"https:\/\/rdbella.fr\/index.php?rest_route=%2Fwp%2Fv2%2Fproduct_tag&post=12135"}],"curies":[{"name":"wp","href":"https:\/\/api.w.org\/{rel}","templated":true}]}}