{"id":12184,"date":"2025-10-31T18:20:17","date_gmt":"2025-10-31T18:20:17","guid":{"rendered":"https:\/\/rdbella.fr\/?post_type=product&#038;p=12184"},"modified":"2025-11-01T12:51:20","modified_gmt":"2025-11-01T12:51:20","slug":"robe-hijab-corienne-en-noir-2-2","status":"publish","type":"product","link":"https:\/\/rdbella.fr\/?product=robe-hijab-corienne-en-noir-2-2","title":{"rendered":"Robe HIJAB CORIENNE  VERT"},"content":{"rendered":"<p><strong><em>La robe compos\u00e9e de deux pi\u00e8ce <\/em><\/strong><\/p>\n<p><strong>Un pull<\/strong> : col roul\u00e9 , d\u00e9taille sur le poignet , tissu cor\u00e9en extrat extensible , ce porte en taille standard<\/p>\n<p><strong>La robe<\/strong> : tissu d&rsquo;hiver hyper l\u00e9ger , chaude , non moulante , mastoura derri\u00e8re<\/p>\n<p>Avec d\u00e9taille sur le devant<\/p>\n<p><strong>Longueur<\/strong> de la robe : 1m36<\/p>\n<p><strong>Largeur<\/strong> de la robe : 73<\/p>\n<p><strong>Mannequin<\/strong> mesure 1m70<\/p>\n<p><strong>Taille de la robe<\/strong> : standard peut porter jusqu&rsquo;\u00e0 50<\/p>\n<p><strong>Couleur disponible<\/strong> : noir , bordeau , vert , marron<\/p>\n<p><strong><em>les foulard express disponible aussi sur le site <\/em><\/strong><\/p>\n","protected":false},"excerpt":{"rendered":"<p>La robe compos\u00e9e de deux pi\u00e8ce Un pull : col roul\u00e9 , d\u00e9taille sur le poignet , tissu cor\u00e9en extrat extensible , ce porte en taille standard La robe : tissu d&rsquo;hiver hyper l\u00e9ger , chaude , non moulante , mastoura derri\u00e8re Avec d\u00e9taille sur le devant Longueur de la robe : 1m36 Largeur de [&#8230;]\n","protected":false},"featured_media":12198,"comment_status":"open","ping_status":"closed","template":"","meta":[],"product_brand":[],"product_cat":[65],"product_tag":[],"class_list":{"0":"post-12184","1":"product","2":"type-product","3":"status-publish","4":"has-post-thumbnail","6":"product_cat-robe","8":"first","9":"instock","10":"shipping-taxable","11":"purchasable","12":"product-type-simple"},"jetpack_sharing_enabled":true,"_links":{"self":[{"href":"https:\/\/rdbella.fr\/index.php?rest_route=\/wp\/v2\/product\/12184","targetHints":{"allow":["GET"]}}],"collection":[{"href":"https:\/\/rdbella.fr\/index.php?rest_route=\/wp\/v2\/product"}],"about":[{"href":"https:\/\/rdbella.fr\/index.php?rest_route=\/wp\/v2\/types\/product"}],"replies":[{"embeddable":true,"href":"https:\/\/rdbella.fr\/index.php?rest_route=%2Fwp%2Fv2%2Fcomments&post=12184"}],"wp:featuredmedia":[{"embeddable":true,"href":"https:\/\/rdbella.fr\/index.php?rest_route=\/wp\/v2\/media\/12198"}],"wp:attachment":[{"href":"https:\/\/rdbella.fr\/index.php?rest_route=%2Fwp%2Fv2%2Fmedia&parent=12184"}],"wp:term":[{"taxonomy":"product_brand","embeddable":true,"href":"https:\/\/rdbella.fr\/index.php?rest_route=%2Fwp%2Fv2%2Fproduct_brand&post=12184"},{"taxonomy":"product_cat","embeddable":true,"href":"https:\/\/rdbella.fr\/index.php?rest_route=%2Fwp%2Fv2%2Fproduct_cat&post=12184"},{"taxonomy":"product_tag","embeddable":true,"href":"https:\/\/rdbella.fr\/index.php?rest_route=%2Fwp%2Fv2%2Fproduct_tag&post=12184"}],"curies":[{"name":"wp","href":"https:\/\/api.w.org\/{rel}","templated":true}]}}