{"id":12233,"date":"2025-11-02T15:10:24","date_gmt":"2025-11-02T15:10:24","guid":{"rendered":"https:\/\/rdbella.fr\/?post_type=product&#038;p=12233"},"modified":"2025-11-02T16:04:07","modified_gmt":"2025-11-02T16:04:07","slug":"survetement-quotidienne-style-ensemble-couleur-top","status":"publish","type":"product","link":"https:\/\/rdbella.fr\/?product=survetement-quotidienne-style-ensemble-couleur-top","title":{"rendered":"Surv\u00eatement quotidienne style ensemble  couleur TOp"},"content":{"rendered":"<p>Surv\u00eatement pour les femmes voil\u00e9es et non voil\u00e9<\/p>\n<p><strong> Tissu : qualit\u00e9 made in Cor\u00e9e <\/strong><\/p>\n<p><strong>D\u00e9taille : <\/strong> m\u00e9lange en deux tissu <strong>tissu surv\u00eatement &amp; chemise <\/strong><\/p>\n<p><strong>Couleur : top , noir <\/strong><\/p>\n<p><strong>Mannequin porte taille 1 \u00e7a taille 40 , 1m70 <\/strong><\/p>\n<p><strong>Longueur de haut : 85 <\/strong><\/p>\n<p><strong>Pantalon taille haute , model p\u00e2te deph <\/strong><\/p>\n<p><strong>Le haut avec un col officier qui cache bien le coup <\/strong><\/p>\n<p><strong>Taille 2 \u00e7a taille jusqu&rsquo;\u00e0 48 50 <\/strong><\/p>\n<p>&nbsp;<\/p>\n","protected":false},"excerpt":{"rendered":"<p>Surv\u00eatement pour les femmes voil\u00e9es et non voil\u00e9 Tissu : qualit\u00e9 made in Cor\u00e9e D\u00e9taille : m\u00e9lange en deux tissu tissu surv\u00eatement &amp; chemise Couleur : top , noir Mannequin porte taille 1 \u00e7a taille 40 , 1m70 Longueur de haut : 85 Pantalon taille haute , model p\u00e2te deph Le haut avec un col [&#8230;]\n","protected":false},"featured_media":12228,"comment_status":"open","ping_status":"closed","template":"","meta":[],"product_brand":[],"product_cat":[108,28],"product_tag":[],"class_list":{"0":"post-12233","1":"product","2":"type-product","3":"status-publish","4":"has-post-thumbnail","6":"product_cat-ensemble","7":"product_cat-pre-a-porter","9":"first","10":"instock","11":"shipping-taxable","12":"purchasable","13":"product-type-variable"},"jetpack_sharing_enabled":true,"_links":{"self":[{"href":"https:\/\/rdbella.fr\/index.php?rest_route=\/wp\/v2\/product\/12233","targetHints":{"allow":["GET"]}}],"collection":[{"href":"https:\/\/rdbella.fr\/index.php?rest_route=\/wp\/v2\/product"}],"about":[{"href":"https:\/\/rdbella.fr\/index.php?rest_route=\/wp\/v2\/types\/product"}],"replies":[{"embeddable":true,"href":"https:\/\/rdbella.fr\/index.php?rest_route=%2Fwp%2Fv2%2Fcomments&post=12233"}],"wp:featuredmedia":[{"embeddable":true,"href":"https:\/\/rdbella.fr\/index.php?rest_route=\/wp\/v2\/media\/12228"}],"wp:attachment":[{"href":"https:\/\/rdbella.fr\/index.php?rest_route=%2Fwp%2Fv2%2Fmedia&parent=12233"}],"wp:term":[{"taxonomy":"product_brand","embeddable":true,"href":"https:\/\/rdbella.fr\/index.php?rest_route=%2Fwp%2Fv2%2Fproduct_brand&post=12233"},{"taxonomy":"product_cat","embeddable":true,"href":"https:\/\/rdbella.fr\/index.php?rest_route=%2Fwp%2Fv2%2Fproduct_cat&post=12233"},{"taxonomy":"product_tag","embeddable":true,"href":"https:\/\/rdbella.fr\/index.php?rest_route=%2Fwp%2Fv2%2Fproduct_tag&post=12233"}],"curies":[{"name":"wp","href":"https:\/\/api.w.org\/{rel}","templated":true}]}}