{"id":12257,"date":"2025-11-03T09:35:19","date_gmt":"2025-11-03T09:35:19","guid":{"rendered":"https:\/\/rdbella.fr\/?post_type=product&#038;p=12257"},"modified":"2025-11-03T09:38:15","modified_gmt":"2025-11-03T09:38:15","slug":"robe-hijab-la-turquoise-couleur-noir-blanc-copie","status":"publish","type":"product","link":"https:\/\/rdbella.fr\/?product=robe-hijab-la-turquoise-couleur-noir-blanc-copie","title":{"rendered":"Robe Hijab la turquoise noir &#038; bordeau"},"content":{"rendered":"<p>La robe de 3 pi\u00e8ce<\/p>\n<p>d\u00e9taill\u00e9 de la robe :<\/p>\n<p>Compos\u00e9 de deux tissu \u00a0cr\u00eape d\u2019hiver &amp; la laine<\/p>\n<p>Col rond , fermier \u00e9claire sur le dos \u060c des plie sur le devant et l\u2019arri\u00e8re pour marqu\u00e9 la taille , tissu la laine sur le dos e lavant \u00a0, une bonde sur la manche, un d\u00e9taille sur l\u2019\u00e9paule<\/p>\n<p>d\u00e9taille de cardigan : un cardigan carr\u00e9 , les manches carr\u00e9 , tissu laine made in Cor\u00e9e<\/p>\n<p>une ceinture de la m\u00eame tissu avec le cardigan<\/p>\n<p>Mannequin taille 40 \u00a01m70 elle porte taille 1<\/p>\n<p>la longueur :<\/p>\n<ul>\n<li>La longueur de la robe varie selon la taille \u00e7a veux dire<\/li>\n<li>Plus la taille est grande, plus la robe est longue<\/li>\n<\/ul>\n<p>Les couleurs : noir noir , noir mouchet\u00e9 blanc , noir bordeau . Bleu . Marron , gris , vert<\/p>\n","protected":false},"excerpt":{"rendered":"<p>La robe de 3 pi\u00e8ce d\u00e9taill\u00e9 de la robe : Compos\u00e9 de deux tissu \u00a0cr\u00eape d\u2019hiver &amp; la laine Col rond , fermier \u00e9claire sur le dos \u060c des plie sur le devant et l\u2019arri\u00e8re pour marqu\u00e9 la taille , tissu la laine sur le dos e lavant \u00a0, une bonde sur la manche, un [&#8230;]\n","protected":false},"featured_media":12260,"comment_status":"open","ping_status":"closed","template":"","meta":[],"product_brand":[],"product_cat":[28,65],"product_tag":[],"class_list":{"0":"post-12257","1":"product","2":"type-product","3":"status-publish","4":"has-post-thumbnail","6":"product_cat-pre-a-porter","7":"product_cat-robe","9":"first","10":"instock","11":"shipping-taxable","12":"purchasable","13":"product-type-variable"},"jetpack_sharing_enabled":true,"_links":{"self":[{"href":"https:\/\/rdbella.fr\/index.php?rest_route=\/wp\/v2\/product\/12257","targetHints":{"allow":["GET"]}}],"collection":[{"href":"https:\/\/rdbella.fr\/index.php?rest_route=\/wp\/v2\/product"}],"about":[{"href":"https:\/\/rdbella.fr\/index.php?rest_route=\/wp\/v2\/types\/product"}],"replies":[{"embeddable":true,"href":"https:\/\/rdbella.fr\/index.php?rest_route=%2Fwp%2Fv2%2Fcomments&post=12257"}],"wp:featuredmedia":[{"embeddable":true,"href":"https:\/\/rdbella.fr\/index.php?rest_route=\/wp\/v2\/media\/12260"}],"wp:attachment":[{"href":"https:\/\/rdbella.fr\/index.php?rest_route=%2Fwp%2Fv2%2Fmedia&parent=12257"}],"wp:term":[{"taxonomy":"product_brand","embeddable":true,"href":"https:\/\/rdbella.fr\/index.php?rest_route=%2Fwp%2Fv2%2Fproduct_brand&post=12257"},{"taxonomy":"product_cat","embeddable":true,"href":"https:\/\/rdbella.fr\/index.php?rest_route=%2Fwp%2Fv2%2Fproduct_cat&post=12257"},{"taxonomy":"product_tag","embeddable":true,"href":"https:\/\/rdbella.fr\/index.php?rest_route=%2Fwp%2Fv2%2Fproduct_tag&post=12257"}],"curies":[{"name":"wp","href":"https:\/\/api.w.org\/{rel}","templated":true}]}}