{"id":12317,"date":"2025-11-04T20:29:00","date_gmt":"2025-11-04T20:29:00","guid":{"rendered":"https:\/\/rdbella.fr\/?post_type=product&#038;p=12317"},"modified":"2025-11-04T21:20:45","modified_gmt":"2025-11-04T21:20:45","slug":"pull-basic-saison-hivernal","status":"publish","type":"product","link":"https:\/\/rdbella.fr\/?product=pull-basic-saison-hivernal","title":{"rendered":"Pull basic saison hivernal"},"content":{"rendered":"<p>\u00c9l\u00e9gance et confort en un seul design \ud83e\udd0e<\/p>\n<p>Ce haut crois\u00e9 \u00a0met en valeur la silhouette avec simplicit\u00e9 et classe. Un indispensable pour un look chic sans effort.<br \/>\ntissu jersy extensible se porte en taille standard ,tr\u00e8s bonne qualit\u00e9 , \u0645\u064a\u062a\u062d\u0628\u0628\u0634<\/p>\n<p>Le d\u00e9tail crois\u00e9 qui change tout \ud83d\udcab<\/p>\n<p>Confort, douceur et style \u2014 ce top \u00a0s\u2019adapte \u00e0 toutes les occasions. \u00c0 porter seul ou sous une veste pour un look ultra tendance<\/p>\n<p>un vrai coup de c\u0153ur pour les amoureuses du minimal chic<\/p>\n","protected":false},"excerpt":{"rendered":"<p>\u00c9l\u00e9gance et confort en un seul design \ud83e\udd0e Ce haut crois\u00e9 \u00a0met en valeur la silhouette avec simplicit\u00e9 et classe. Un indispensable pour un look chic sans effort. tissu jersy extensible se porte en taille standard ,tr\u00e8s bonne qualit\u00e9 , \u0645\u064a\u062a\u062d\u0628\u0628\u0634 Le d\u00e9tail crois\u00e9 qui change tout \ud83d\udcab Confort, douceur et style \u2014 ce top [&#8230;]\n","protected":false},"featured_media":12322,"comment_status":"open","ping_status":"closed","template":"","meta":[],"product_brand":[],"product_cat":[28,63],"product_tag":[202,201,200,194,193,198,199,203,195,196,197],"class_list":{"0":"post-12317","1":"product","2":"type-product","3":"status-publish","4":"has-post-thumbnail","6":"product_cat-pre-a-porter","7":"product_cat-pull","8":"product_tag-beige-creme","9":"product_tag-beige-sable","10":"product_tag-blanc-nacre","11":"product_tag-bleu","12":"product_tag-marron","13":"product_tag-marron-choco","14":"product_tag-marron-nacre","15":"product_tag-noir","16":"product_tag-vert-militaire","17":"product_tag-vert-sauge","18":"product_tag-vert-vitrail","20":"first","21":"instock","22":"shipping-taxable","23":"purchasable","24":"product-type-simple"},"jetpack_sharing_enabled":true,"_links":{"self":[{"href":"https:\/\/rdbella.fr\/index.php?rest_route=\/wp\/v2\/product\/12317","targetHints":{"allow":["GET"]}}],"collection":[{"href":"https:\/\/rdbella.fr\/index.php?rest_route=\/wp\/v2\/product"}],"about":[{"href":"https:\/\/rdbella.fr\/index.php?rest_route=\/wp\/v2\/types\/product"}],"replies":[{"embeddable":true,"href":"https:\/\/rdbella.fr\/index.php?rest_route=%2Fwp%2Fv2%2Fcomments&post=12317"}],"wp:featuredmedia":[{"embeddable":true,"href":"https:\/\/rdbella.fr\/index.php?rest_route=\/wp\/v2\/media\/12322"}],"wp:attachment":[{"href":"https:\/\/rdbella.fr\/index.php?rest_route=%2Fwp%2Fv2%2Fmedia&parent=12317"}],"wp:term":[{"taxonomy":"product_brand","embeddable":true,"href":"https:\/\/rdbella.fr\/index.php?rest_route=%2Fwp%2Fv2%2Fproduct_brand&post=12317"},{"taxonomy":"product_cat","embeddable":true,"href":"https:\/\/rdbella.fr\/index.php?rest_route=%2Fwp%2Fv2%2Fproduct_cat&post=12317"},{"taxonomy":"product_tag","embeddable":true,"href":"https:\/\/rdbella.fr\/index.php?rest_route=%2Fwp%2Fv2%2Fproduct_tag&post=12317"}],"curies":[{"name":"wp","href":"https:\/\/api.w.org\/{rel}","templated":true}]}}