{"id":12331,"date":"2025-11-04T20:51:41","date_gmt":"2025-11-04T20:51:41","guid":{"rendered":"https:\/\/rdbella.fr\/?post_type=product&#038;p=12331"},"modified":"2025-11-04T20:53:25","modified_gmt":"2025-11-04T20:53:25","slug":"veste-parisienne-en-noir","status":"publish","type":"product","link":"https:\/\/rdbella.fr\/?product=veste-parisienne-en-noir","title":{"rendered":"Veste parisienne En noir"},"content":{"rendered":"<ol>\n<li>La veste parisienne tissu flanelle disponible en 5 couleur<\/li>\n<\/ol>\n<ul>\n<li>Des manches larges et l\u00e9g\u00e8rement bouffantes, apportant une touche moderne et \u00e9l\u00e9gante.<\/li>\n<li>Une coupe droite et ouverte, sans boutons ni fermeture, pour un style minimaliste et chic.<\/li>\n<li>Une ceinture fine en cuir marron \u00e0 boucle dor\u00e9e, qui vient marquer la taille et f\u00e9miniser la silhouette.<\/li>\n<li>Port\u00e9e sur un haut fonc\u00e9 et un pantalon en jean brut, elle cr\u00e9e un look \u00e0 la fois casual et raffin\u00e9, id\u00e9al pour l\u2019automne ou l\u2019hiver<\/li>\n<\/ul>\n<p>D\u00e9tails :<\/p>\n<ul>\n<li>Tissu chaud et doux au toucher<\/li>\n<li>Coupe droite ouverte<\/li>\n<li>Manches amples<\/li>\n<li>Ceinture fine incluse<\/li>\n<\/ul>\n<p>couleur : noir , vert , gris , rose , bleu jeans<\/p>\n<p>Se porte en taille standard<\/p>\n<p>Longueur 85<\/p>\n<p>mannequin 1m70 \/ taille 40<\/p>\n<p>ceniture de votre choix marron ou noir<\/p>\n<p>&nbsp;<\/p>\n<p>&nbsp;<\/p>\n","protected":false},"excerpt":{"rendered":"<p>La veste parisienne tissu flanelle disponible en 5 couleur Des manches larges et l\u00e9g\u00e8rement bouffantes, apportant une touche moderne et \u00e9l\u00e9gante. Une coupe droite et ouverte, sans boutons ni fermeture, pour un style minimaliste et chic. Une ceinture fine en cuir marron \u00e0 boucle dor\u00e9e, qui vient marquer la taille et f\u00e9miniser la silhouette. Port\u00e9e [&#8230;]\n","protected":false},"featured_media":12332,"comment_status":"open","ping_status":"closed","template":"","meta":[],"product_brand":[],"product_cat":[28,64],"product_tag":[],"class_list":{"0":"post-12331","1":"product","2":"type-product","3":"status-publish","4":"has-post-thumbnail","6":"product_cat-pre-a-porter","7":"product_cat-veste","9":"first","10":"instock","11":"shipping-taxable","12":"purchasable","13":"product-type-simple"},"jetpack_sharing_enabled":true,"_links":{"self":[{"href":"https:\/\/rdbella.fr\/index.php?rest_route=\/wp\/v2\/product\/12331","targetHints":{"allow":["GET"]}}],"collection":[{"href":"https:\/\/rdbella.fr\/index.php?rest_route=\/wp\/v2\/product"}],"about":[{"href":"https:\/\/rdbella.fr\/index.php?rest_route=\/wp\/v2\/types\/product"}],"replies":[{"embeddable":true,"href":"https:\/\/rdbella.fr\/index.php?rest_route=%2Fwp%2Fv2%2Fcomments&post=12331"}],"wp:featuredmedia":[{"embeddable":true,"href":"https:\/\/rdbella.fr\/index.php?rest_route=\/wp\/v2\/media\/12332"}],"wp:attachment":[{"href":"https:\/\/rdbella.fr\/index.php?rest_route=%2Fwp%2Fv2%2Fmedia&parent=12331"}],"wp:term":[{"taxonomy":"product_brand","embeddable":true,"href":"https:\/\/rdbella.fr\/index.php?rest_route=%2Fwp%2Fv2%2Fproduct_brand&post=12331"},{"taxonomy":"product_cat","embeddable":true,"href":"https:\/\/rdbella.fr\/index.php?rest_route=%2Fwp%2Fv2%2Fproduct_cat&post=12331"},{"taxonomy":"product_tag","embeddable":true,"href":"https:\/\/rdbella.fr\/index.php?rest_route=%2Fwp%2Fv2%2Fproduct_tag&post=12331"}],"curies":[{"name":"wp","href":"https:\/\/api.w.org\/{rel}","templated":true}]}}