{"id":12370,"date":"2025-11-05T20:20:01","date_gmt":"2025-11-05T20:20:01","guid":{"rendered":"https:\/\/rdbella.fr\/?post_type=product&#038;p=12370"},"modified":"2025-11-05T20:20:01","modified_gmt":"2025-11-05T20:20:01","slug":"jogging-tissu-puma-vert","status":"publish","type":"product","link":"https:\/\/rdbella.fr\/?product=jogging-tissu-puma-vert","title":{"rendered":"Jogging tissu  p\u00fbma Vert"},"content":{"rendered":"<p>Ensemble deux pi\u00e8ces , compos\u00e9 d\u2019une tunique fluide \u00e0 manches larges et d\u2019un pantalon \u00e9vas\u00e9 confortable. Son tissu doux et \u00e9l\u00e9gant offre une allure chic et d\u00e9contract\u00e9e \u00e0 la fois. Parfait pour les sorties quotidiennes ou un look minimaliste tendance.<\/p>\n<p>D\u00e9tails :<\/p>\n<ul>\n<li>Tissu fluide et agr\u00e9able \u00e0 porter \u0645\u064a\u062a\u062d\u0628\u0628\u0634<\/li>\n<li>Pantalon p\u00e2te deph<\/li>\n<li>pantalon taille haute avec des d\u00e9taille de tissu diff\u00e9rent sur la taille<\/li>\n<li>la tunique col officier m\u00eame d\u00e9taille avec le pantalon<\/li>\n<li>surpiq\u00fbre sur le devant de la tunique<\/li>\n<li>Manches amples pour une touche moderne<\/li>\n<li>Coupe droite et confortable<\/li>\n<li>Style modest fashion<\/li>\n<\/ul>\n<p>\u0627\u0644\u0644\u064a\u0643\u0627\u062a \u062a\u0637\u0648\u0627\u0644 \u0643\u064a \u062a\u0643\u0628\u0631 \u0644\u0627\u0637\u0627\u064a<\/p>\n<p>mannequin taille 38 40 1m70 porte \u00a0taille 1<\/p>\n<p>taille 2 \u062a\u0644\u0628\u0633 \u0645\u0644\u064a\u062d \u0648 \u0627\u0644\u0627\u0632<\/p>\n<p>&nbsp;<\/p>\n","protected":false},"excerpt":{"rendered":"<p>Ensemble deux pi\u00e8ces , compos\u00e9 d\u2019une tunique fluide \u00e0 manches larges et d\u2019un pantalon \u00e9vas\u00e9 confortable. Son tissu doux et \u00e9l\u00e9gant offre une allure chic et d\u00e9contract\u00e9e \u00e0 la fois. Parfait pour les sorties quotidiennes ou un look minimaliste tendance. D\u00e9tails : Tissu fluide et agr\u00e9able \u00e0 porter \u0645\u064a\u062a\u062d\u0628\u0628\u0634 Pantalon p\u00e2te deph pantalon taille haute [&#8230;]\n","protected":false},"featured_media":12371,"comment_status":"open","ping_status":"closed","template":"","meta":[],"product_brand":[],"product_cat":[108,28,47],"product_tag":[],"class_list":{"0":"post-12370","1":"product","2":"type-product","3":"status-publish","4":"has-post-thumbnail","6":"product_cat-ensemble","7":"product_cat-pre-a-porter","8":"product_cat-tenue-de-sport","10":"first","11":"instock","12":"shipping-taxable","13":"purchasable","14":"product-type-variable"},"jetpack_sharing_enabled":true,"_links":{"self":[{"href":"https:\/\/rdbella.fr\/index.php?rest_route=\/wp\/v2\/product\/12370","targetHints":{"allow":["GET"]}}],"collection":[{"href":"https:\/\/rdbella.fr\/index.php?rest_route=\/wp\/v2\/product"}],"about":[{"href":"https:\/\/rdbella.fr\/index.php?rest_route=\/wp\/v2\/types\/product"}],"replies":[{"embeddable":true,"href":"https:\/\/rdbella.fr\/index.php?rest_route=%2Fwp%2Fv2%2Fcomments&post=12370"}],"wp:featuredmedia":[{"embeddable":true,"href":"https:\/\/rdbella.fr\/index.php?rest_route=\/wp\/v2\/media\/12371"}],"wp:attachment":[{"href":"https:\/\/rdbella.fr\/index.php?rest_route=%2Fwp%2Fv2%2Fmedia&parent=12370"}],"wp:term":[{"taxonomy":"product_brand","embeddable":true,"href":"https:\/\/rdbella.fr\/index.php?rest_route=%2Fwp%2Fv2%2Fproduct_brand&post=12370"},{"taxonomy":"product_cat","embeddable":true,"href":"https:\/\/rdbella.fr\/index.php?rest_route=%2Fwp%2Fv2%2Fproduct_cat&post=12370"},{"taxonomy":"product_tag","embeddable":true,"href":"https:\/\/rdbella.fr\/index.php?rest_route=%2Fwp%2Fv2%2Fproduct_tag&post=12370"}],"curies":[{"name":"wp","href":"https:\/\/api.w.org\/{rel}","templated":true}]}}