{"id":12401,"date":"2025-11-05T21:21:22","date_gmt":"2025-11-05T21:21:22","guid":{"rendered":"https:\/\/rdbella.fr\/?post_type=product&#038;p=12401"},"modified":"2025-11-07T18:01:50","modified_gmt":"2025-11-07T18:01:50","slug":"robe-basic-hiver-2026-mouchete-fushia","status":"publish","type":"product","link":"https:\/\/rdbella.fr\/?product=robe-basic-hiver-2026-mouchete-fushia","title":{"rendered":"Robe basic Hiver 2026 mouchet\u00e9 fushia"},"content":{"rendered":"<p>Robe noire basique, un incontournable de l\u2019hiver. Con\u00e7ue dans un tissu doux et chaud, elle allie confort et \u00e9l\u00e9gance au quotidien. Sa coupe simple et raffin\u00e9e permet de la porter seule ou associ\u00e9e \u00e0 un manteau pour un look chic et minimaliste.<\/p>\n<p>D\u00e9tails :<\/p>\n<ul>\n<li>Tissu chaud et agr\u00e9able au toucher<\/li>\n<li>Coupe droite et fluide<\/li>\n<li>Couleur noire intemporelle<\/li>\n<li>Parfaite pour la saison hivernale<\/li>\n<li>ceinture qui marque la taille<\/li>\n<li>taille standard , ne moule pas ,<\/li>\n<\/ul>\n<p>longueur de la robe 1m40 parfaite pour les femmes qui porte le hijab<\/p>\n<p>Largeur : 76<\/p>\n","protected":false},"excerpt":{"rendered":"<p>Robe noire basique, un incontournable de l\u2019hiver. Con\u00e7ue dans un tissu doux et chaud, elle allie confort et \u00e9l\u00e9gance au quotidien. Sa coupe simple et raffin\u00e9e permet de la porter seule ou associ\u00e9e \u00e0 un manteau pour un look chic et minimaliste. D\u00e9tails : Tissu chaud et agr\u00e9able au toucher Coupe droite et fluide Couleur [&#8230;]\n","protected":false},"featured_media":12402,"comment_status":"open","ping_status":"closed","template":"","meta":[],"product_brand":[],"product_cat":[28,65],"product_tag":[],"class_list":{"0":"post-12401","1":"product","2":"type-product","3":"status-publish","4":"has-post-thumbnail","6":"product_cat-pre-a-porter","7":"product_cat-robe","9":"first","10":"instock","11":"shipping-taxable","12":"purchasable","13":"product-type-simple"},"jetpack_sharing_enabled":true,"_links":{"self":[{"href":"https:\/\/rdbella.fr\/index.php?rest_route=\/wp\/v2\/product\/12401","targetHints":{"allow":["GET"]}}],"collection":[{"href":"https:\/\/rdbella.fr\/index.php?rest_route=\/wp\/v2\/product"}],"about":[{"href":"https:\/\/rdbella.fr\/index.php?rest_route=\/wp\/v2\/types\/product"}],"replies":[{"embeddable":true,"href":"https:\/\/rdbella.fr\/index.php?rest_route=%2Fwp%2Fv2%2Fcomments&post=12401"}],"wp:featuredmedia":[{"embeddable":true,"href":"https:\/\/rdbella.fr\/index.php?rest_route=\/wp\/v2\/media\/12402"}],"wp:attachment":[{"href":"https:\/\/rdbella.fr\/index.php?rest_route=%2Fwp%2Fv2%2Fmedia&parent=12401"}],"wp:term":[{"taxonomy":"product_brand","embeddable":true,"href":"https:\/\/rdbella.fr\/index.php?rest_route=%2Fwp%2Fv2%2Fproduct_brand&post=12401"},{"taxonomy":"product_cat","embeddable":true,"href":"https:\/\/rdbella.fr\/index.php?rest_route=%2Fwp%2Fv2%2Fproduct_cat&post=12401"},{"taxonomy":"product_tag","embeddable":true,"href":"https:\/\/rdbella.fr\/index.php?rest_route=%2Fwp%2Fv2%2Fproduct_tag&post=12401"}],"curies":[{"name":"wp","href":"https:\/\/api.w.org\/{rel}","templated":true}]}}