{"id":12462,"date":"2025-11-10T17:55:15","date_gmt":"2025-11-10T17:55:15","guid":{"rendered":"https:\/\/rdbella.fr\/?post_type=product&#038;p=12462"},"modified":"2025-12-21T16:48:01","modified_gmt":"2025-12-21T16:48:01","slug":"pull-basique","status":"publish","type":"product","link":"https:\/\/rdbella.fr\/?product=pull-basique","title":{"rendered":"Pull Basique"},"content":{"rendered":"<p data-start=\"119\" data-end=\"437\">Pull incontournable, confortable et polyvalent. Con\u00e7u avec une mati\u00e8re douce et respirante, il offre une coupe classique qui s\u2019adapte \u00e0 toutes les occasions. Parfait pour un look d\u00e9contract\u00e9 ou \u00e0 superposer pour plus de style. <strong data-start=\"366\" data-end=\"402\">Disponible en plusieurs couleurs<\/strong> pour s\u2019adapter \u00e0 tous les go\u00fbts.<\/p>\n","protected":false},"excerpt":{"rendered":"<p data-start=\"119\" data-end=\"437\">n pull incontournable, confortable et polyvalent. Con\u00e7u avec une mati\u00e8re douce et respirante. <strong data-start=\"366\" data-end=\"402\">Disponible en plusieurs couleurs<\/strong><\/p>\n","protected":false},"featured_media":12358,"comment_status":"open","ping_status":"closed","template":"","meta":[],"product_brand":[],"product_cat":[63],"product_tag":[],"class_list":{"0":"post-12462","1":"product","2":"type-product","3":"status-publish","4":"has-post-thumbnail","6":"product_cat-pull","8":"first","9":"instock","10":"shipping-taxable","11":"purchasable","12":"product-type-variable","13":"has-default-attributes"},"jetpack_sharing_enabled":true,"_links":{"self":[{"href":"https:\/\/rdbella.fr\/index.php?rest_route=\/wp\/v2\/product\/12462","targetHints":{"allow":["GET"]}}],"collection":[{"href":"https:\/\/rdbella.fr\/index.php?rest_route=\/wp\/v2\/product"}],"about":[{"href":"https:\/\/rdbella.fr\/index.php?rest_route=\/wp\/v2\/types\/product"}],"replies":[{"embeddable":true,"href":"https:\/\/rdbella.fr\/index.php?rest_route=%2Fwp%2Fv2%2Fcomments&post=12462"}],"wp:featuredmedia":[{"embeddable":true,"href":"https:\/\/rdbella.fr\/index.php?rest_route=\/wp\/v2\/media\/12358"}],"wp:attachment":[{"href":"https:\/\/rdbella.fr\/index.php?rest_route=%2Fwp%2Fv2%2Fmedia&parent=12462"}],"wp:term":[{"taxonomy":"product_brand","embeddable":true,"href":"https:\/\/rdbella.fr\/index.php?rest_route=%2Fwp%2Fv2%2Fproduct_brand&post=12462"},{"taxonomy":"product_cat","embeddable":true,"href":"https:\/\/rdbella.fr\/index.php?rest_route=%2Fwp%2Fv2%2Fproduct_cat&post=12462"},{"taxonomy":"product_tag","embeddable":true,"href":"https:\/\/rdbella.fr\/index.php?rest_route=%2Fwp%2Fv2%2Fproduct_tag&post=12462"}],"curies":[{"name":"wp","href":"https:\/\/api.w.org\/{rel}","templated":true}]}}