{"id":13289,"date":"2026-02-12T13:44:19","date_gmt":"2026-02-12T13:44:19","guid":{"rendered":"https:\/\/rdbella.fr\/?product=abaya-brocard-4-piece"},"modified":"2026-02-12T13:44:21","modified_gmt":"2026-02-12T13:44:21","slug":"abaya-brocard-4-piece","status":"publish","type":"product","link":"https:\/\/rdbella.fr\/?product=abaya-brocard-4-piece","title":{"rendered":"Abaya brocard 4 pi\u00e8ce"},"content":{"rendered":"<p>Abaya brocard compos\u00e9 :<\/p>\n<p>Abaya . Foulard , manchette . Un sac offert<\/p>\n<p>Se ferme avec des Boutton pression de c\u00f4t\u00e9<\/p>\n<p>Longueur 1m40<\/p>\n<p>Standard elle se porte au max taille 50<\/p>\n<p>Disponible taille S pour les petites tailles<\/p>\n","protected":false},"excerpt":{"rendered":"<p>Abaya brocard compos\u00e9 : Abaya . Foulard , manchette . Un sac offert Se ferme avec des Boutton pression de c\u00f4t\u00e9 Longueur 1m40 Standard elle se porte au max taille 50 Disponible taille S pour les petites tailles<\/p>\n","protected":false},"featured_media":13278,"comment_status":"open","ping_status":"closed","template":"","meta":[],"product_brand":[],"product_cat":[208],"product_tag":[],"class_list":{"0":"post-13289","1":"product","2":"type-product","3":"status-publish","4":"has-post-thumbnail","6":"product_cat-208","8":"first","9":"instock","10":"shipping-taxable","11":"purchasable","12":"product-type-simple"},"jetpack_sharing_enabled":true,"_links":{"self":[{"href":"https:\/\/rdbella.fr\/index.php?rest_route=\/wp\/v2\/product\/13289","targetHints":{"allow":["GET"]}}],"collection":[{"href":"https:\/\/rdbella.fr\/index.php?rest_route=\/wp\/v2\/product"}],"about":[{"href":"https:\/\/rdbella.fr\/index.php?rest_route=\/wp\/v2\/types\/product"}],"replies":[{"embeddable":true,"href":"https:\/\/rdbella.fr\/index.php?rest_route=%2Fwp%2Fv2%2Fcomments&post=13289"}],"wp:featuredmedia":[{"embeddable":true,"href":"https:\/\/rdbella.fr\/index.php?rest_route=\/wp\/v2\/media\/13278"}],"wp:attachment":[{"href":"https:\/\/rdbella.fr\/index.php?rest_route=%2Fwp%2Fv2%2Fmedia&parent=13289"}],"wp:term":[{"taxonomy":"product_brand","embeddable":true,"href":"https:\/\/rdbella.fr\/index.php?rest_route=%2Fwp%2Fv2%2Fproduct_brand&post=13289"},{"taxonomy":"product_cat","embeddable":true,"href":"https:\/\/rdbella.fr\/index.php?rest_route=%2Fwp%2Fv2%2Fproduct_cat&post=13289"},{"taxonomy":"product_tag","embeddable":true,"href":"https:\/\/rdbella.fr\/index.php?rest_route=%2Fwp%2Fv2%2Fproduct_tag&post=13289"}],"curies":[{"name":"wp","href":"https:\/\/api.w.org\/{rel}","templated":true}]}}