{"id":13301,"date":"2026-02-13T12:38:57","date_gmt":"2026-02-13T12:38:57","guid":{"rendered":"https:\/\/rdbella.fr\/?product=abaya-cardigan-daim-robe"},"modified":"2026-02-13T12:38:59","modified_gmt":"2026-02-13T12:38:59","slug":"abaya-cardigan-daim-robe","status":"publish","type":"product","link":"https:\/\/rdbella.fr\/?product=abaya-cardigan-daim-robe","title":{"rendered":"Abaya Cardigan  daim &amp; Robe"},"content":{"rendered":"<p>Abaya compos\u00e9 de 3 pi\u00e8ce<\/p>\n<p>Cardigan en daim<\/p>\n<p>Robe en laine<\/p>\n<p>Un sac<\/p>\n<p>Longueur 1m50<\/p>\n<p>La robe demi manche \u00e9vas\u00e9<\/p>\n","protected":false},"excerpt":{"rendered":"<p>Abaya compos\u00e9 de 3 pi\u00e8ce Cardigan en daim Robe en laine Un sac Longueur 1m50 La robe demi manche \u00e9vas\u00e9<\/p>\n","protected":false},"featured_media":13298,"comment_status":"open","ping_status":"closed","template":"","meta":[],"product_brand":[],"product_cat":[112],"product_tag":[],"class_list":{"0":"post-13301","1":"product","2":"type-product","3":"status-publish","4":"has-post-thumbnail","6":"product_cat-hijab-abaya","8":"first","9":"instock","10":"shipping-taxable","11":"purchasable","12":"product-type-simple"},"jetpack_sharing_enabled":true,"_links":{"self":[{"href":"https:\/\/rdbella.fr\/index.php?rest_route=\/wp\/v2\/product\/13301","targetHints":{"allow":["GET"]}}],"collection":[{"href":"https:\/\/rdbella.fr\/index.php?rest_route=\/wp\/v2\/product"}],"about":[{"href":"https:\/\/rdbella.fr\/index.php?rest_route=\/wp\/v2\/types\/product"}],"replies":[{"embeddable":true,"href":"https:\/\/rdbella.fr\/index.php?rest_route=%2Fwp%2Fv2%2Fcomments&post=13301"}],"wp:featuredmedia":[{"embeddable":true,"href":"https:\/\/rdbella.fr\/index.php?rest_route=\/wp\/v2\/media\/13298"}],"wp:attachment":[{"href":"https:\/\/rdbella.fr\/index.php?rest_route=%2Fwp%2Fv2%2Fmedia&parent=13301"}],"wp:term":[{"taxonomy":"product_brand","embeddable":true,"href":"https:\/\/rdbella.fr\/index.php?rest_route=%2Fwp%2Fv2%2Fproduct_brand&post=13301"},{"taxonomy":"product_cat","embeddable":true,"href":"https:\/\/rdbella.fr\/index.php?rest_route=%2Fwp%2Fv2%2Fproduct_cat&post=13301"},{"taxonomy":"product_tag","embeddable":true,"href":"https:\/\/rdbella.fr\/index.php?rest_route=%2Fwp%2Fv2%2Fproduct_tag&post=13301"}],"curies":[{"name":"wp","href":"https:\/\/api.w.org\/{rel}","templated":true}]}}