{"id":4716,"date":"2022-10-08T17:34:07","date_gmt":"2022-10-08T17:34:07","guid":{"rendered":"https:\/\/rdbella.fr\/?post_type=product&#038;p=4716"},"modified":"2023-10-23T10:34:09","modified_gmt":"2023-10-23T10:34:09","slug":"la-tenue-quotidienne-3","status":"publish","type":"product","link":"https:\/\/rdbella.fr\/?product=la-tenue-quotidienne-3","title":{"rendered":"La tenue quotidienne Bleu nuit"},"content":{"rendered":"<p>Tenue quotidienne Bleu nuit<\/p>\n<p>ideal pour tout vos sortie occasionnele quotidienne\u00a0 ; vos s\u00e9ance de footing ; randonn\u00e9 ; pique-nique ; les gens qui font un m\u00e9tier d&rsquo;action ; parfait pour les activit\u00e9 de plein air<\/p>\n<p><b>D\u00e9tails<\/b><strong>\u00a0 de produit\u00a0<\/strong> :<\/p>\n<p>Tissu de la veste Imperm\u00e9able ( kaoui )\u00a0 l\u00e9g\u00e8r ,\u00a0 coupe_ vent , respirant , d\u00e9contract\u00e9e et surtout mastoura pour les femme voil\u00e9e<\/p>\n<p><strong>longueur<\/strong> : longueur mi_haute ( mannequin 1m70 )<\/p>\n<p><strong>Capuche : <\/strong>a capuche \u00a0Id\u00e9al pour tous vos sorties quotidiennes<br \/>\n<strong>Pontalon :\u00a0<\/strong>pantalon carr\u00e9 \u00a0; tissu haute gamme , chaud ;\u00a0 \u00a0souple , taille haute , avec \u00e9lastique au niveau de la taille<\/p>\n<p><strong>Couleur<\/strong>\u00a0 : NOIR . BORDEAUX . GRIS . BLANC BLEU NUIT<\/p>\n","protected":false},"excerpt":{"rendered":"<p>Tenue quotidienne Bleu nuit ideal pour tout vos sortie occasionnele quotidienne\u00a0 ; vos s\u00e9ance de footing ; randonn\u00e9 ; pique-nique ; les gens qui font un m\u00e9tier d&rsquo;action ; parfait pour les activit\u00e9 de plein air D\u00e9tails\u00a0 de produit\u00a0 : Tissu de la veste Imperm\u00e9able ( kaoui )\u00a0 l\u00e9g\u00e8r ,\u00a0 coupe_ vent , respirant , [&#8230;]\n","protected":false},"featured_media":4722,"comment_status":"closed","ping_status":"closed","template":"","meta":[],"product_brand":[],"product_cat":[47],"product_tag":[],"class_list":{"0":"post-4716","1":"product","2":"type-product","3":"status-publish","4":"has-post-thumbnail","6":"product_cat-tenue-de-sport","8":"first","9":"instock","10":"shipping-taxable","11":"purchasable","12":"product-type-variable"},"jetpack_sharing_enabled":true,"_links":{"self":[{"href":"https:\/\/rdbella.fr\/index.php?rest_route=\/wp\/v2\/product\/4716","targetHints":{"allow":["GET"]}}],"collection":[{"href":"https:\/\/rdbella.fr\/index.php?rest_route=\/wp\/v2\/product"}],"about":[{"href":"https:\/\/rdbella.fr\/index.php?rest_route=\/wp\/v2\/types\/product"}],"replies":[{"embeddable":true,"href":"https:\/\/rdbella.fr\/index.php?rest_route=%2Fwp%2Fv2%2Fcomments&post=4716"}],"wp:featuredmedia":[{"embeddable":true,"href":"https:\/\/rdbella.fr\/index.php?rest_route=\/wp\/v2\/media\/4722"}],"wp:attachment":[{"href":"https:\/\/rdbella.fr\/index.php?rest_route=%2Fwp%2Fv2%2Fmedia&parent=4716"}],"wp:term":[{"taxonomy":"product_brand","embeddable":true,"href":"https:\/\/rdbella.fr\/index.php?rest_route=%2Fwp%2Fv2%2Fproduct_brand&post=4716"},{"taxonomy":"product_cat","embeddable":true,"href":"https:\/\/rdbella.fr\/index.php?rest_route=%2Fwp%2Fv2%2Fproduct_cat&post=4716"},{"taxonomy":"product_tag","embeddable":true,"href":"https:\/\/rdbella.fr\/index.php?rest_route=%2Fwp%2Fv2%2Fproduct_tag&post=4716"}],"curies":[{"name":"wp","href":"https:\/\/api.w.org\/{rel}","templated":true}]}}