{"id":4817,"date":"2022-10-14T16:42:49","date_gmt":"2022-10-14T16:42:49","guid":{"rendered":"https:\/\/rdbella.fr\/?post_type=product&#038;p=4817"},"modified":"2023-09-16T14:53:35","modified_gmt":"2023-09-16T14:53:35","slug":"pull-oversize-rose-fushia","status":"publish","type":"product","link":"https:\/\/rdbella.fr\/?product=pull-oversize-rose-fushia","title":{"rendered":"pull oversize Rose Fushia"},"content":{"rendered":"<p><strong><em>pull oversize hivernal <\/em><\/strong><\/p>\n<p><em style=\"font-size: 17.6px;\">model sweat long mastour pour les femmes voil\u00e9\u00e9 et non voil\u00e9e ; tissu chaud et\u00a0 doux\u00a0 <\/em><\/p>\n<p><em style=\"font-size: 17.6px;\">avec\u00a0 pince au niveau de poigner et en bas de pull,\u00a0 qui donne un charme f\u00e9minine<\/em><span style=\"font-size: 17.6px;\">\u00a0<\/span><\/p>\n<p><strong>TAILLE<\/strong> : <em>STANDARD<\/em><\/p>\n<p><strong>Couleur :\u00a0\u00a0<\/strong>NOIR . Rose fushia : Bordeaux ; Beige , vert militaire , camel<\/p>\n","protected":false},"excerpt":{"rendered":"<p>pull oversize hivernal model sweat long mastour pour les femmes voil\u00e9\u00e9 et non voil\u00e9e ; tissu chaud et\u00a0 doux\u00a0 avec\u00a0 pince au niveau de poigner et en bas de pull,\u00a0 qui donne un charme f\u00e9minine\u00a0 TAILLE : STANDARD Couleur :\u00a0\u00a0NOIR . Rose fushia : Bordeaux ; Beige , vert militaire , camel<\/p>\n","protected":false},"featured_media":4850,"comment_status":"closed","ping_status":"closed","template":"","meta":[],"product_brand":[],"product_cat":[28,63],"product_tag":[],"class_list":{"0":"post-4817","1":"product","2":"type-product","3":"status-publish","4":"has-post-thumbnail","6":"product_cat-pre-a-porter","7":"product_cat-pull","9":"first","10":"outofstock","11":"sale","12":"shipping-taxable","13":"purchasable","14":"product-type-simple"},"jetpack_sharing_enabled":true,"_links":{"self":[{"href":"https:\/\/rdbella.fr\/index.php?rest_route=\/wp\/v2\/product\/4817","targetHints":{"allow":["GET"]}}],"collection":[{"href":"https:\/\/rdbella.fr\/index.php?rest_route=\/wp\/v2\/product"}],"about":[{"href":"https:\/\/rdbella.fr\/index.php?rest_route=\/wp\/v2\/types\/product"}],"replies":[{"embeddable":true,"href":"https:\/\/rdbella.fr\/index.php?rest_route=%2Fwp%2Fv2%2Fcomments&post=4817"}],"wp:featuredmedia":[{"embeddable":true,"href":"https:\/\/rdbella.fr\/index.php?rest_route=\/wp\/v2\/media\/4850"}],"wp:attachment":[{"href":"https:\/\/rdbella.fr\/index.php?rest_route=%2Fwp%2Fv2%2Fmedia&parent=4817"}],"wp:term":[{"taxonomy":"product_brand","embeddable":true,"href":"https:\/\/rdbella.fr\/index.php?rest_route=%2Fwp%2Fv2%2Fproduct_brand&post=4817"},{"taxonomy":"product_cat","embeddable":true,"href":"https:\/\/rdbella.fr\/index.php?rest_route=%2Fwp%2Fv2%2Fproduct_cat&post=4817"},{"taxonomy":"product_tag","embeddable":true,"href":"https:\/\/rdbella.fr\/index.php?rest_route=%2Fwp%2Fv2%2Fproduct_tag&post=4817"}],"curies":[{"name":"wp","href":"https:\/\/api.w.org\/{rel}","templated":true}]}}