{"id":4958,"date":"2022-10-19T19:57:41","date_gmt":"2022-10-19T19:57:41","guid":{"rendered":"https:\/\/rdbella.fr\/?post_type=product&#038;p=4958"},"modified":"2022-12-28T18:25:16","modified_gmt":"2022-12-28T18:25:16","slug":"pull-oversize-vert-militaire","status":"publish","type":"product","link":"https:\/\/rdbella.fr\/?product=pull-oversize-vert-militaire","title":{"rendered":"pull oversize vert militaire"},"content":{"rendered":"<p><strong><em>pull oversize hivernal vert militaire\u00a0<\/em><\/strong><\/p>\n<p><em style=\"font-size: 17.6px;\">model sweat long mastour pour les femmes voil\u00e9\u00e9 et non voil\u00e9e ; tissu chaud et\u00a0 doux\u00a0 <\/em><\/p>\n<p><em style=\"font-size: 17.6px;\">avec\u00a0 pince au niveau de poigner et en bas de pull,\u00a0 qui donne un charme f\u00e9minine<\/em><span style=\"font-size: 17.6px;\">\u00a0<\/span><\/p>\n<p><strong>Taille : <\/strong><em>Standard \u00a0<\/em><\/p>\n<p><b>\u00a0Couleur :\u00a0<\/b>Noir ; Rose fushia ; Bordeau ; Beige , vert militaire , camel<\/p>\n","protected":false},"excerpt":{"rendered":"<p>pull oversize hivernal vert militaire\u00a0 model sweat long mastour pour les femmes voil\u00e9\u00e9 et non voil\u00e9e ; tissu chaud et\u00a0 doux\u00a0 avec\u00a0 pince au niveau de poigner et en bas de pull,\u00a0 qui donne un charme f\u00e9minine\u00a0 Taille : Standard \u00a0 \u00a0Couleur :\u00a0Noir ; Rose fushia ; Bordeau ; Beige , vert militaire , camel<\/p>\n","protected":false},"featured_media":4964,"comment_status":"closed","ping_status":"closed","template":"","meta":[],"product_brand":[],"product_cat":[28,63],"product_tag":[],"class_list":{"0":"post-4958","1":"product","2":"type-product","3":"status-publish","4":"has-post-thumbnail","6":"product_cat-pre-a-porter","7":"product_cat-pull","9":"first","10":"outofstock","11":"shipping-taxable","12":"purchasable","13":"product-type-simple"},"jetpack_sharing_enabled":true,"_links":{"self":[{"href":"https:\/\/rdbella.fr\/index.php?rest_route=\/wp\/v2\/product\/4958","targetHints":{"allow":["GET"]}}],"collection":[{"href":"https:\/\/rdbella.fr\/index.php?rest_route=\/wp\/v2\/product"}],"about":[{"href":"https:\/\/rdbella.fr\/index.php?rest_route=\/wp\/v2\/types\/product"}],"replies":[{"embeddable":true,"href":"https:\/\/rdbella.fr\/index.php?rest_route=%2Fwp%2Fv2%2Fcomments&post=4958"}],"wp:featuredmedia":[{"embeddable":true,"href":"https:\/\/rdbella.fr\/index.php?rest_route=\/wp\/v2\/media\/4964"}],"wp:attachment":[{"href":"https:\/\/rdbella.fr\/index.php?rest_route=%2Fwp%2Fv2%2Fmedia&parent=4958"}],"wp:term":[{"taxonomy":"product_brand","embeddable":true,"href":"https:\/\/rdbella.fr\/index.php?rest_route=%2Fwp%2Fv2%2Fproduct_brand&post=4958"},{"taxonomy":"product_cat","embeddable":true,"href":"https:\/\/rdbella.fr\/index.php?rest_route=%2Fwp%2Fv2%2Fproduct_cat&post=4958"},{"taxonomy":"product_tag","embeddable":true,"href":"https:\/\/rdbella.fr\/index.php?rest_route=%2Fwp%2Fv2%2Fproduct_tag&post=4958"}],"curies":[{"name":"wp","href":"https:\/\/api.w.org\/{rel}","templated":true}]}}