{"id":5036,"date":"2022-11-18T17:48:49","date_gmt":"2022-11-18T17:48:49","guid":{"rendered":"https:\/\/rdbella.fr\/?post_type=product&#038;p=5036"},"modified":"2022-12-28T18:24:15","modified_gmt":"2022-12-28T18:24:15","slug":"ensemble-jogging-vert-kaki","status":"publish","type":"product","link":"https:\/\/rdbella.fr\/?product=ensemble-jogging-vert-kaki","title":{"rendered":"Ensemble jogging vert kaki"},"content":{"rendered":"<p><strong>Ensemble jogging vert kaki\u00a0<\/strong><\/p>\n<p>\ud83c\udf81un tote bague offert avec l\u2019ensemble<\/p>\n<p><strong style=\"font-size: 16px; -webkit-text-size-adjust: 100%;\">prix : 3500 DA<br \/>\n<\/strong><span style=\"font-size: 16px; -webkit-text-size-adjust: 100%;\">compose \u00a0de deux pi\u00e8ces \u00a0:<\/span><\/p>\n<ul>\n<li>haut classique avec des d\u00e9tailles au niveaux des manches<\/li>\n<li>col roul\u00e9 extra large non doubl\u00e9<\/li>\n<li>pantalon jogging taille haute avec \u00e9lastique au niveau de la taille<\/li>\n<\/ul>\n<p><strong>tissu la laine \u00a0hivernal , douce chaude<\/strong><\/p>\n<p><strong><span style=\"-webkit-tap-highlight-color: rgba(0, 0, 0, 0);\">Taille : <\/span><\/strong><\/p>\n<ol>\n<li><strong><span style=\"-webkit-tap-highlight-color: rgba(0, 0, 0, 0);\">taille 1 ( 36 38 40 )<\/span><\/strong><\/li>\n<li><strong>taille 2 ( 42 44 46 )\u00a0<\/strong><\/li>\n<\/ol>\n","protected":false},"excerpt":{"rendered":"<p>Ensemble jogging vert kaki\u00a0 \ud83c\udf81un tote bague offert avec l\u2019ensemble prix : 3500 DA compose \u00a0de deux pi\u00e8ces \u00a0: haut classique avec des d\u00e9tailles au niveaux des manches col roul\u00e9 extra large non doubl\u00e9 pantalon jogging taille haute avec \u00e9lastique au niveau de la taille tissu la laine \u00a0hivernal , douce chaude Taille : taille [&#8230;]\n","protected":false},"featured_media":5037,"comment_status":"closed","ping_status":"closed","template":"","meta":[],"product_brand":[],"product_cat":[62,28],"product_tag":[],"class_list":{"0":"post-5036","1":"product","2":"type-product","3":"status-publish","4":"has-post-thumbnail","6":"product_cat-pantalon","7":"product_cat-pre-a-porter","9":"first","10":"outofstock","11":"sold-individually","12":"shipping-taxable","13":"purchasable","14":"product-type-simple"},"jetpack_sharing_enabled":true,"_links":{"self":[{"href":"https:\/\/rdbella.fr\/index.php?rest_route=\/wp\/v2\/product\/5036","targetHints":{"allow":["GET"]}}],"collection":[{"href":"https:\/\/rdbella.fr\/index.php?rest_route=\/wp\/v2\/product"}],"about":[{"href":"https:\/\/rdbella.fr\/index.php?rest_route=\/wp\/v2\/types\/product"}],"replies":[{"embeddable":true,"href":"https:\/\/rdbella.fr\/index.php?rest_route=%2Fwp%2Fv2%2Fcomments&post=5036"}],"wp:featuredmedia":[{"embeddable":true,"href":"https:\/\/rdbella.fr\/index.php?rest_route=\/wp\/v2\/media\/5037"}],"wp:attachment":[{"href":"https:\/\/rdbella.fr\/index.php?rest_route=%2Fwp%2Fv2%2Fmedia&parent=5036"}],"wp:term":[{"taxonomy":"product_brand","embeddable":true,"href":"https:\/\/rdbella.fr\/index.php?rest_route=%2Fwp%2Fv2%2Fproduct_brand&post=5036"},{"taxonomy":"product_cat","embeddable":true,"href":"https:\/\/rdbella.fr\/index.php?rest_route=%2Fwp%2Fv2%2Fproduct_cat&post=5036"},{"taxonomy":"product_tag","embeddable":true,"href":"https:\/\/rdbella.fr\/index.php?rest_route=%2Fwp%2Fv2%2Fproduct_tag&post=5036"}],"curies":[{"name":"wp","href":"https:\/\/api.w.org\/{rel}","templated":true}]}}