{"id":5149,"date":"2022-11-24T18:27:31","date_gmt":"2022-11-24T18:27:31","guid":{"rendered":"https:\/\/rdbella.fr\/?post_type=product&#038;p=5149"},"modified":"2023-09-17T13:52:04","modified_gmt":"2023-09-17T13:52:04","slug":"manteau-oversize-bleu-turquoise","status":"publish","type":"product","link":"https:\/\/rdbella.fr\/?product=manteau-oversize-bleu-turquoise","title":{"rendered":"Manteau oversize bleu turquoise"},"content":{"rendered":"<p>Manteau en cachemire qualit\u00e9 premium , model oversize , une bouton pression de c\u00f4t\u00e9 \u00a0, un grand col doubl\u00e9 , manche doubl\u00e9 . Doux , chaud<\/p>\n<p>Disponible en grande taille jusqu\u2019au 56<\/p>\n<p>longueur : mi long<\/p>\n<p>&nbsp;<\/p>\n","protected":false},"excerpt":{"rendered":"<p>Manteau en cachemire qualit\u00e9 premium , model oversize , une bouton pression de c\u00f4t\u00e9 \u00a0, un grand col doubl\u00e9 , manche doubl\u00e9 . Doux , chaud Disponible en grande taille jusqu\u2019au 56 longueur : mi long &nbsp;<\/p>\n","protected":false},"featured_media":5150,"comment_status":"closed","ping_status":"closed","template":"","meta":[],"product_brand":[],"product_cat":[28,64],"product_tag":[],"class_list":{"0":"post-5149","1":"product","2":"type-product","3":"status-publish","4":"has-post-thumbnail","6":"product_cat-pre-a-porter","7":"product_cat-veste","9":"first","10":"outofstock","11":"sale","12":"shipping-taxable","13":"purchasable","14":"product-type-simple"},"jetpack_sharing_enabled":true,"_links":{"self":[{"href":"https:\/\/rdbella.fr\/index.php?rest_route=\/wp\/v2\/product\/5149","targetHints":{"allow":["GET"]}}],"collection":[{"href":"https:\/\/rdbella.fr\/index.php?rest_route=\/wp\/v2\/product"}],"about":[{"href":"https:\/\/rdbella.fr\/index.php?rest_route=\/wp\/v2\/types\/product"}],"replies":[{"embeddable":true,"href":"https:\/\/rdbella.fr\/index.php?rest_route=%2Fwp%2Fv2%2Fcomments&post=5149"}],"wp:featuredmedia":[{"embeddable":true,"href":"https:\/\/rdbella.fr\/index.php?rest_route=\/wp\/v2\/media\/5150"}],"wp:attachment":[{"href":"https:\/\/rdbella.fr\/index.php?rest_route=%2Fwp%2Fv2%2Fmedia&parent=5149"}],"wp:term":[{"taxonomy":"product_brand","embeddable":true,"href":"https:\/\/rdbella.fr\/index.php?rest_route=%2Fwp%2Fv2%2Fproduct_brand&post=5149"},{"taxonomy":"product_cat","embeddable":true,"href":"https:\/\/rdbella.fr\/index.php?rest_route=%2Fwp%2Fv2%2Fproduct_cat&post=5149"},{"taxonomy":"product_tag","embeddable":true,"href":"https:\/\/rdbella.fr\/index.php?rest_route=%2Fwp%2Fv2%2Fproduct_tag&post=5149"}],"curies":[{"name":"wp","href":"https:\/\/api.w.org\/{rel}","templated":true}]}}