{"id":5183,"date":"2022-11-24T23:26:21","date_gmt":"2022-11-24T23:26:21","guid":{"rendered":"https:\/\/rdbella.fr\/?post_type=product&#038;p=5183"},"modified":"2023-11-17T10:45:06","modified_gmt":"2023-11-17T10:45:06","slug":"pantalon-dhiver-blanc","status":"publish","type":"product","link":"https:\/\/rdbella.fr\/?product=pantalon-dhiver-blanc","title":{"rendered":"Pantalon blanc classique"},"content":{"rendered":"<p>Pantalon basic en blanc tr\u00e8s tendance , tissu gabardine italien , classique \u00a0, trop class port\u00e9 avec des tuniques et Liquettes en diff\u00e9rents couleur , en blanc non transparent<\/p>\n<p>taille haute avec des \u00e9lastique au niveau de la taille<\/p>\n<p>&nbsp;<\/p>\n<p>Model \u00a040 42 porte taille 1<\/p>\n","protected":false},"excerpt":{"rendered":"<p>Pantalon basic en blanc tr\u00e8s tendance , tissu gabardine italien , classique \u00a0, trop class port\u00e9 avec des tuniques et Liquettes en diff\u00e9rents couleur , en blanc non transparent taille haute avec des \u00e9lastique au niveau de la taille &nbsp; Model \u00a040 42 porte taille 1<\/p>\n","protected":false},"featured_media":8586,"comment_status":"closed","ping_status":"closed","template":"","meta":[],"product_brand":[],"product_cat":[62,28],"product_tag":[],"class_list":{"0":"post-5183","1":"product","2":"type-product","3":"status-publish","4":"has-post-thumbnail","6":"product_cat-pantalon","7":"product_cat-pre-a-porter","9":"first","10":"instock","11":"shipping-taxable","12":"purchasable","13":"product-type-variable"},"jetpack_sharing_enabled":true,"_links":{"self":[{"href":"https:\/\/rdbella.fr\/index.php?rest_route=\/wp\/v2\/product\/5183","targetHints":{"allow":["GET"]}}],"collection":[{"href":"https:\/\/rdbella.fr\/index.php?rest_route=\/wp\/v2\/product"}],"about":[{"href":"https:\/\/rdbella.fr\/index.php?rest_route=\/wp\/v2\/types\/product"}],"replies":[{"embeddable":true,"href":"https:\/\/rdbella.fr\/index.php?rest_route=%2Fwp%2Fv2%2Fcomments&post=5183"}],"wp:featuredmedia":[{"embeddable":true,"href":"https:\/\/rdbella.fr\/index.php?rest_route=\/wp\/v2\/media\/8586"}],"wp:attachment":[{"href":"https:\/\/rdbella.fr\/index.php?rest_route=%2Fwp%2Fv2%2Fmedia&parent=5183"}],"wp:term":[{"taxonomy":"product_brand","embeddable":true,"href":"https:\/\/rdbella.fr\/index.php?rest_route=%2Fwp%2Fv2%2Fproduct_brand&post=5183"},{"taxonomy":"product_cat","embeddable":true,"href":"https:\/\/rdbella.fr\/index.php?rest_route=%2Fwp%2Fv2%2Fproduct_cat&post=5183"},{"taxonomy":"product_tag","embeddable":true,"href":"https:\/\/rdbella.fr\/index.php?rest_route=%2Fwp%2Fv2%2Fproduct_tag&post=5183"}],"curies":[{"name":"wp","href":"https:\/\/api.w.org\/{rel}","templated":true}]}}