{"id":5301,"date":"2022-12-06T17:48:11","date_gmt":"2022-12-06T17:48:11","guid":{"rendered":"https:\/\/rdbella.fr\/?post_type=product&#038;p=5301"},"modified":"2023-02-21T18:35:04","modified_gmt":"2023-02-21T18:35:04","slug":"pantalon-taille-haute-gris-souris","status":"publish","type":"product","link":"https:\/\/rdbella.fr\/?product=pantalon-taille-haute-gris-souris","title":{"rendered":"Pantalon taille haute gris souris"},"content":{"rendered":"<p>Pantalon d\u2019hiver \u00a0taille haute tissu d\u2019hiver<\/p>\n<p>pantalon carr\u00e9 ; tissu haute gamme , chaud ; souple , taille haute , avec \u00e9lastique au niveau de la taille<\/p>\n<p>taille : standard ( 38 \u00e0 48 )<\/p>\n<p>Couleur : noir , bleu nuit , Bordeaux , gris souris<\/p>\n","protected":false},"excerpt":{"rendered":"<p>Pantalon d\u2019hiver \u00a0taille haute tissu d\u2019hiver pantalon carr\u00e9 ; tissu haute gamme , chaud ; souple , taille haute , avec \u00e9lastique au niveau de la taille taille : standard ( 38 \u00e0 48 ) Couleur : noir , bleu nuit , Bordeaux , gris souris<\/p>\n","protected":false},"featured_media":5298,"comment_status":"closed","ping_status":"closed","template":"","meta":[],"product_brand":[],"product_cat":[62,28],"product_tag":[],"class_list":{"0":"post-5301","1":"product","2":"type-product","3":"status-publish","4":"has-post-thumbnail","6":"product_cat-pantalon","7":"product_cat-pre-a-porter","9":"first","10":"outofstock","11":"sale","12":"shipping-taxable","13":"purchasable","14":"product-type-simple"},"jetpack_sharing_enabled":true,"_links":{"self":[{"href":"https:\/\/rdbella.fr\/index.php?rest_route=\/wp\/v2\/product\/5301","targetHints":{"allow":["GET"]}}],"collection":[{"href":"https:\/\/rdbella.fr\/index.php?rest_route=\/wp\/v2\/product"}],"about":[{"href":"https:\/\/rdbella.fr\/index.php?rest_route=\/wp\/v2\/types\/product"}],"replies":[{"embeddable":true,"href":"https:\/\/rdbella.fr\/index.php?rest_route=%2Fwp%2Fv2%2Fcomments&post=5301"}],"wp:featuredmedia":[{"embeddable":true,"href":"https:\/\/rdbella.fr\/index.php?rest_route=\/wp\/v2\/media\/5298"}],"wp:attachment":[{"href":"https:\/\/rdbella.fr\/index.php?rest_route=%2Fwp%2Fv2%2Fmedia&parent=5301"}],"wp:term":[{"taxonomy":"product_brand","embeddable":true,"href":"https:\/\/rdbella.fr\/index.php?rest_route=%2Fwp%2Fv2%2Fproduct_brand&post=5301"},{"taxonomy":"product_cat","embeddable":true,"href":"https:\/\/rdbella.fr\/index.php?rest_route=%2Fwp%2Fv2%2Fproduct_cat&post=5301"},{"taxonomy":"product_tag","embeddable":true,"href":"https:\/\/rdbella.fr\/index.php?rest_route=%2Fwp%2Fv2%2Fproduct_tag&post=5301"}],"curies":[{"name":"wp","href":"https:\/\/api.w.org\/{rel}","templated":true}]}}