{"id":5933,"date":"2022-12-19T18:47:50","date_gmt":"2022-12-19T18:47:50","guid":{"rendered":"https:\/\/rdbella.fr\/?post_type=product&#038;p=5933"},"modified":"2023-09-16T20:43:38","modified_gmt":"2023-09-16T20:43:38","slug":"ensmeble-jennifer-beige","status":"publish","type":"product","link":"https:\/\/rdbella.fr\/?product=ensmeble-jennifer-beige","title":{"rendered":"Ensemble Jennifer Beige"},"content":{"rendered":"<p><strong>Ensemble jogging vert kaki\u00a0<\/strong><\/p>\n<p>&nbsp;<\/p>\n<p><strong>prix : 3500 DA<br \/>\n<\/strong>compose \u00a0de deux pi\u00e8ces \u00a0:<\/p>\n<ul>\n<li>haut classique avec des d\u00e9tailles au niveaux des manches<\/li>\n<li>col roul\u00e9 extra large non doubl\u00e9<\/li>\n<li>pantalon jogging taille haute avec \u00e9lastique au niveau de la taille<\/li>\n<\/ul>\n<p>&nbsp;<\/p>\n","protected":false},"excerpt":{"rendered":"<p>Ensemble jogging vert kaki\u00a0 &nbsp; prix : 3500 DA compose \u00a0de deux pi\u00e8ces \u00a0: haut classique avec des d\u00e9tailles au niveaux des manches col roul\u00e9 extra large non doubl\u00e9 pantalon jogging taille haute avec \u00e9lastique au niveau de la taille &nbsp;<\/p>\n","protected":false},"featured_media":5934,"comment_status":"closed","ping_status":"closed","template":"","meta":[],"product_brand":[],"product_cat":[108,28],"product_tag":[],"class_list":{"0":"post-5933","1":"product","2":"type-product","3":"status-publish","4":"has-post-thumbnail","6":"product_cat-ensemble","7":"product_cat-pre-a-porter","9":"first","10":"instock","11":"sale","12":"featured","13":"shipping-taxable","14":"purchasable","15":"product-type-variable"},"jetpack_sharing_enabled":true,"_links":{"self":[{"href":"https:\/\/rdbella.fr\/index.php?rest_route=\/wp\/v2\/product\/5933","targetHints":{"allow":["GET"]}}],"collection":[{"href":"https:\/\/rdbella.fr\/index.php?rest_route=\/wp\/v2\/product"}],"about":[{"href":"https:\/\/rdbella.fr\/index.php?rest_route=\/wp\/v2\/types\/product"}],"replies":[{"embeddable":true,"href":"https:\/\/rdbella.fr\/index.php?rest_route=%2Fwp%2Fv2%2Fcomments&post=5933"}],"wp:featuredmedia":[{"embeddable":true,"href":"https:\/\/rdbella.fr\/index.php?rest_route=\/wp\/v2\/media\/5934"}],"wp:attachment":[{"href":"https:\/\/rdbella.fr\/index.php?rest_route=%2Fwp%2Fv2%2Fmedia&parent=5933"}],"wp:term":[{"taxonomy":"product_brand","embeddable":true,"href":"https:\/\/rdbella.fr\/index.php?rest_route=%2Fwp%2Fv2%2Fproduct_brand&post=5933"},{"taxonomy":"product_cat","embeddable":true,"href":"https:\/\/rdbella.fr\/index.php?rest_route=%2Fwp%2Fv2%2Fproduct_cat&post=5933"},{"taxonomy":"product_tag","embeddable":true,"href":"https:\/\/rdbella.fr\/index.php?rest_route=%2Fwp%2Fv2%2Fproduct_tag&post=5933"}],"curies":[{"name":"wp","href":"https:\/\/api.w.org\/{rel}","templated":true}]}}