{"id":6166,"date":"2023-02-25T17:48:17","date_gmt":"2023-02-25T17:48:17","guid":{"rendered":"https:\/\/rdbella.fr\/?post_type=product&#038;p=6166"},"modified":"2023-03-06T16:25:56","modified_gmt":"2023-03-06T16:25:56","slug":"ensemble-arwa-kaki-avec-motif","status":"publish","type":"product","link":"https:\/\/rdbella.fr\/?product=ensemble-arwa-kaki-avec-motif","title":{"rendered":"Ensemble arwa kaki avec motif"},"content":{"rendered":"<p>Ensemble id\u00e9al pour tout vos \u00e9v\u00e9nements ( acte de mariage , soutenance , boulot ..) m\u00eame style d\u00e9contract\u00e9<br \/>\nle haut carr\u00e9 en taille standard qui convient \u00e0 toute les tailles , un empi\u00e8cement au niveau des manches<br \/>\npantalon carr\u00e9 taille haute disponible en deux taille medieum , large<br \/>\ntissu : tr\u00e8s l\u00e9ger , ne se froisse pas<\/p>\n","protected":false},"excerpt":{"rendered":"<p>Ensemble id\u00e9al pour tout vos \u00e9v\u00e9nements ( acte de mariage , soutenance , boulot ..) m\u00eame style d\u00e9contract\u00e9 le haut carr\u00e9 en taille standard qui convient \u00e0 toute les tailles , un empi\u00e8cement au niveau des manches pantalon carr\u00e9 taille haute disponible en deux taille medieum , large tissu : tr\u00e8s l\u00e9ger , ne se [&#8230;]\n","protected":false},"featured_media":6167,"comment_status":"open","ping_status":"closed","template":"","meta":[],"product_brand":[],"product_cat":[108,28],"product_tag":[],"class_list":{"0":"post-6166","1":"product","2":"type-product","3":"status-publish","4":"has-post-thumbnail","6":"product_cat-ensemble","7":"product_cat-pre-a-porter","9":"first","10":"outofstock","11":"shipping-taxable","12":"product-type-variable"},"jetpack_sharing_enabled":true,"_links":{"self":[{"href":"https:\/\/rdbella.fr\/index.php?rest_route=\/wp\/v2\/product\/6166","targetHints":{"allow":["GET"]}}],"collection":[{"href":"https:\/\/rdbella.fr\/index.php?rest_route=\/wp\/v2\/product"}],"about":[{"href":"https:\/\/rdbella.fr\/index.php?rest_route=\/wp\/v2\/types\/product"}],"replies":[{"embeddable":true,"href":"https:\/\/rdbella.fr\/index.php?rest_route=%2Fwp%2Fv2%2Fcomments&post=6166"}],"wp:featuredmedia":[{"embeddable":true,"href":"https:\/\/rdbella.fr\/index.php?rest_route=\/wp\/v2\/media\/6167"}],"wp:attachment":[{"href":"https:\/\/rdbella.fr\/index.php?rest_route=%2Fwp%2Fv2%2Fmedia&parent=6166"}],"wp:term":[{"taxonomy":"product_brand","embeddable":true,"href":"https:\/\/rdbella.fr\/index.php?rest_route=%2Fwp%2Fv2%2Fproduct_brand&post=6166"},{"taxonomy":"product_cat","embeddable":true,"href":"https:\/\/rdbella.fr\/index.php?rest_route=%2Fwp%2Fv2%2Fproduct_cat&post=6166"},{"taxonomy":"product_tag","embeddable":true,"href":"https:\/\/rdbella.fr\/index.php?rest_route=%2Fwp%2Fv2%2Fproduct_tag&post=6166"}],"curies":[{"name":"wp","href":"https:\/\/api.w.org\/{rel}","templated":true}]}}