{"id":6331,"date":"2023-03-04T18:06:11","date_gmt":"2023-03-04T18:06:11","guid":{"rendered":"https:\/\/rdbella.fr\/?post_type=product&#038;p=6331"},"modified":"2023-03-04T18:06:11","modified_gmt":"2023-03-04T18:06:11","slug":"ensemble-plisse-vieux-rose","status":"publish","type":"product","link":"https:\/\/rdbella.fr\/?product=ensemble-plisse-vieux-rose","title":{"rendered":"Ensemble pliss\u00e9 vieux rose"},"content":{"rendered":"<p>Ensemble pliss\u00e9 disponible 7 couleur<\/p>\n<p>\ud83d\udd06Tissu : pliss\u00e9 l\u00e9ger hyper confortable<br \/>\nEt surtout mastour qui convient \u00e0 tout les types de morphologie<\/p>\n<p>la tunique elle est en taille standard, un col bateau , des manches \u00e9vas\u00e9s , longue \u00e0 95 cm<\/p>\n<p>pantalon taille haute, un \u00e9lastique au niveau de la taille , tr\u00e8s confortable , patedeph<\/p>\n","protected":false},"excerpt":{"rendered":"<p>Ensemble pliss\u00e9 disponible 7 couleur \ud83d\udd06Tissu : pliss\u00e9 l\u00e9ger hyper confortable Et surtout mastour qui convient \u00e0 tout les types de morphologie la tunique elle est en taille standard, un col bateau , des manches \u00e9vas\u00e9s , longue \u00e0 95 cm pantalon taille haute, un \u00e9lastique au niveau de la taille , tr\u00e8s confortable , [&#8230;]\n","protected":false},"featured_media":6323,"comment_status":"open","ping_status":"closed","template":"","meta":[],"product_brand":[],"product_cat":[108,28],"product_tag":[],"class_list":{"0":"post-6331","1":"product","2":"type-product","3":"status-publish","4":"has-post-thumbnail","6":"product_cat-ensemble","7":"product_cat-pre-a-porter","9":"first","10":"instock","11":"shipping-taxable","12":"purchasable","13":"product-type-variable"},"jetpack_sharing_enabled":true,"_links":{"self":[{"href":"https:\/\/rdbella.fr\/index.php?rest_route=\/wp\/v2\/product\/6331","targetHints":{"allow":["GET"]}}],"collection":[{"href":"https:\/\/rdbella.fr\/index.php?rest_route=\/wp\/v2\/product"}],"about":[{"href":"https:\/\/rdbella.fr\/index.php?rest_route=\/wp\/v2\/types\/product"}],"replies":[{"embeddable":true,"href":"https:\/\/rdbella.fr\/index.php?rest_route=%2Fwp%2Fv2%2Fcomments&post=6331"}],"wp:featuredmedia":[{"embeddable":true,"href":"https:\/\/rdbella.fr\/index.php?rest_route=\/wp\/v2\/media\/6323"}],"wp:attachment":[{"href":"https:\/\/rdbella.fr\/index.php?rest_route=%2Fwp%2Fv2%2Fmedia&parent=6331"}],"wp:term":[{"taxonomy":"product_brand","embeddable":true,"href":"https:\/\/rdbella.fr\/index.php?rest_route=%2Fwp%2Fv2%2Fproduct_brand&post=6331"},{"taxonomy":"product_cat","embeddable":true,"href":"https:\/\/rdbella.fr\/index.php?rest_route=%2Fwp%2Fv2%2Fproduct_cat&post=6331"},{"taxonomy":"product_tag","embeddable":true,"href":"https:\/\/rdbella.fr\/index.php?rest_route=%2Fwp%2Fv2%2Fproduct_tag&post=6331"}],"curies":[{"name":"wp","href":"https:\/\/api.w.org\/{rel}","templated":true}]}}