{"id":6718,"date":"2023-03-23T17:15:38","date_gmt":"2023-03-23T17:15:38","guid":{"rendered":"https:\/\/rdbella.fr\/?post_type=product&#038;p=6718"},"modified":"2023-09-15T11:08:46","modified_gmt":"2023-09-15T11:08:46","slug":"tunique-brique-brode","status":"publish","type":"product","link":"https:\/\/rdbella.fr\/?product=tunique-brique-brode","title":{"rendered":"Tunique Brique brod\u00e9"},"content":{"rendered":"<p>Tunique en tissu froiss\u00e9e , une d\u00e9coupe drap\u00e9e , manches volumineuses , d\u00e9taille d\u2019un noeud au niveau de poignet . Une fermeture \u00e9claire sur le dos<\/p>\n<p><strong>Couleur disponible<\/strong> : noir , vert militaire , marron chocolat , blanche neige , brique fonc\u00e9 , brique clair , d\u00e9gradation de nude ( beige fonc\u00e9 , beige claire , beige cr\u00e8me ) saumon ros\u00e9<\/p>\n<p><strong>Taille<\/strong> : standard ( 38 \u00e0 48 )<\/p>\n<p><strong>Mannequin<\/strong> : 1m70 taille 40 42<\/p>\n","protected":false},"excerpt":{"rendered":"<p>Tunique en tissu froiss\u00e9e , une d\u00e9coupe drap\u00e9e , manches volumineuses , d\u00e9taille d\u2019un noeud au niveau de poignet . Une fermeture \u00e9claire sur le dos Couleur disponible : noir , vert militaire , marron chocolat , blanche neige , brique fonc\u00e9 , brique clair , d\u00e9gradation de nude ( beige fonc\u00e9 , beige claire [&#8230;]\n","protected":false},"featured_media":6720,"comment_status":"open","ping_status":"closed","template":"","meta":[],"product_brand":[],"product_cat":[28,118],"product_tag":[],"class_list":{"0":"post-6718","1":"product","2":"type-product","3":"status-publish","4":"has-post-thumbnail","6":"product_cat-pre-a-porter","7":"product_cat-tunique-liquette","9":"first","10":"instock","11":"sale","12":"shipping-taxable","13":"purchasable","14":"product-type-simple"},"jetpack_sharing_enabled":true,"_links":{"self":[{"href":"https:\/\/rdbella.fr\/index.php?rest_route=\/wp\/v2\/product\/6718","targetHints":{"allow":["GET"]}}],"collection":[{"href":"https:\/\/rdbella.fr\/index.php?rest_route=\/wp\/v2\/product"}],"about":[{"href":"https:\/\/rdbella.fr\/index.php?rest_route=\/wp\/v2\/types\/product"}],"replies":[{"embeddable":true,"href":"https:\/\/rdbella.fr\/index.php?rest_route=%2Fwp%2Fv2%2Fcomments&post=6718"}],"wp:featuredmedia":[{"embeddable":true,"href":"https:\/\/rdbella.fr\/index.php?rest_route=\/wp\/v2\/media\/6720"}],"wp:attachment":[{"href":"https:\/\/rdbella.fr\/index.php?rest_route=%2Fwp%2Fv2%2Fmedia&parent=6718"}],"wp:term":[{"taxonomy":"product_brand","embeddable":true,"href":"https:\/\/rdbella.fr\/index.php?rest_route=%2Fwp%2Fv2%2Fproduct_brand&post=6718"},{"taxonomy":"product_cat","embeddable":true,"href":"https:\/\/rdbella.fr\/index.php?rest_route=%2Fwp%2Fv2%2Fproduct_cat&post=6718"},{"taxonomy":"product_tag","embeddable":true,"href":"https:\/\/rdbella.fr\/index.php?rest_route=%2Fwp%2Fv2%2Fproduct_tag&post=6718"}],"curies":[{"name":"wp","href":"https:\/\/api.w.org\/{rel}","templated":true}]}}