{"id":6807,"date":"2023-03-29T14:55:15","date_gmt":"2023-03-29T14:55:15","guid":{"rendered":"https:\/\/rdbella.fr\/?post_type=product&#038;p=6807"},"modified":"2023-09-15T11:02:58","modified_gmt":"2023-09-15T11:02:58","slug":"robe-%d8%a7%d9%84%d8%a3%d9%85%d9%8a%d9%85%d8%a9-en-rose-bebe","status":"publish","type":"product","link":"https:\/\/rdbella.fr\/?product=robe-%d8%a7%d9%84%d8%a3%d9%85%d9%8a%d9%85%d8%a9-en-rose-bebe","title":{"rendered":"Robe \u0627\u0644\u0623\u0645\u064a\u0645\u0629 en Rose B\u00e9b\u00e9"},"content":{"rendered":"<p>La robe d\u2019h\u00f4tesse en chauve-souris disponible en trois couleur ( Rose , Bordeaux , Bleu ciel )<\/p>\n<p>Tissu en d\u00e9tail paillet\u00e9<\/p>\n<p>Mannequin : 1m73<\/p>\n<p>Taille : standard ( tout les tailles )<\/p>\n","protected":false},"excerpt":{"rendered":"<p>La robe d\u2019h\u00f4tesse en chauve-souris disponible en trois couleur ( Rose , Bordeaux , Bleu ciel ) Tissu en d\u00e9tail paillet\u00e9 Mannequin : 1m73 Taille : standard ( tout les tailles )<\/p>\n","protected":false},"featured_media":6808,"comment_status":"open","ping_status":"closed","template":"","meta":[],"product_brand":[],"product_cat":[122],"product_tag":[],"class_list":{"0":"post-6807","1":"product","2":"type-product","3":"status-publish","4":"has-post-thumbnail","6":"product_cat-robe-dhotesse","8":"first","9":"instock","10":"sale","11":"shipping-taxable","12":"purchasable","13":"product-type-simple"},"jetpack_sharing_enabled":true,"_links":{"self":[{"href":"https:\/\/rdbella.fr\/index.php?rest_route=\/wp\/v2\/product\/6807","targetHints":{"allow":["GET"]}}],"collection":[{"href":"https:\/\/rdbella.fr\/index.php?rest_route=\/wp\/v2\/product"}],"about":[{"href":"https:\/\/rdbella.fr\/index.php?rest_route=\/wp\/v2\/types\/product"}],"replies":[{"embeddable":true,"href":"https:\/\/rdbella.fr\/index.php?rest_route=%2Fwp%2Fv2%2Fcomments&post=6807"}],"wp:featuredmedia":[{"embeddable":true,"href":"https:\/\/rdbella.fr\/index.php?rest_route=\/wp\/v2\/media\/6808"}],"wp:attachment":[{"href":"https:\/\/rdbella.fr\/index.php?rest_route=%2Fwp%2Fv2%2Fmedia&parent=6807"}],"wp:term":[{"taxonomy":"product_brand","embeddable":true,"href":"https:\/\/rdbella.fr\/index.php?rest_route=%2Fwp%2Fv2%2Fproduct_brand&post=6807"},{"taxonomy":"product_cat","embeddable":true,"href":"https:\/\/rdbella.fr\/index.php?rest_route=%2Fwp%2Fv2%2Fproduct_cat&post=6807"},{"taxonomy":"product_tag","embeddable":true,"href":"https:\/\/rdbella.fr\/index.php?rest_route=%2Fwp%2Fv2%2Fproduct_tag&post=6807"}],"curies":[{"name":"wp","href":"https:\/\/api.w.org\/{rel}","templated":true}]}}