{"id":8347,"date":"2023-10-22T17:04:45","date_gmt":"2023-10-22T17:04:45","guid":{"rendered":"https:\/\/rdbella.fr\/?post_type=product&#038;p=8347"},"modified":"2025-10-01T11:39:28","modified_gmt":"2025-10-01T11:39:28","slug":"costume-velours-beige","status":"publish","type":"product","link":"https:\/\/rdbella.fr\/?product=costume-velours-beige","title":{"rendered":"Costume velour Beige"},"content":{"rendered":"<p>Costume en velour \u00a0tr\u00e8s classe , d\u00e9contract\u00e9, basic , chaude ..<br \/>\n<strong>Compose<\/strong> : d\u2019une veste en velour pour l\u2019hiver ,elle se ferme avec un d\u00e9tail sur le cot\u00e9 ( crochet),vous pouvez la porter toute seule avec un geans et basquette \u2026<br \/>\nEt un pantalon basic en velour aussi<br \/>\nAjustable au niveau de la taille et la longueur avec un \u00e9lastique<\/p>\n<p>Un ensemble id\u00e9al pour tous vos sorties ordinaires et occasionnelle<\/p>\n<p>Tissu : velour haute game ( qualit\u00e8 premium)\u0642\u0645\u0627\u0634 \u0641\u0648\u0644\u0648\u0631 \u062b\u0642\u064a\u0644 \u0648 \u062e\u0634\u064a\u0646<\/p>\n<p><strong>Couleur<\/strong>\u00a0beige<\/p>\n<p>&nbsp;<\/p>\n","protected":false},"excerpt":{"rendered":"<p>Costume en velour \u00a0tr\u00e8s classe , d\u00e9contract\u00e9, basic , chaude .. Compose : d\u2019une veste en velour pour l\u2019hiver ,elle se ferme avec un d\u00e9tail sur le cot\u00e9 ( crochet),vous pouvez la porter toute seule avec un geans et basquette \u2026 Et un pantalon basic en velour aussi Ajustable au niveau de la taille et [&#8230;]\n","protected":false},"featured_media":8348,"comment_status":"open","ping_status":"closed","template":"","meta":[],"product_brand":[],"product_cat":[108,28],"product_tag":[],"class_list":{"0":"post-8347","1":"product","2":"type-product","3":"status-publish","4":"has-post-thumbnail","6":"product_cat-ensemble","7":"product_cat-pre-a-porter","9":"first","10":"outofstock","11":"shipping-taxable","12":"product-type-simple"},"jetpack_sharing_enabled":true,"_links":{"self":[{"href":"https:\/\/rdbella.fr\/index.php?rest_route=\/wp\/v2\/product\/8347","targetHints":{"allow":["GET"]}}],"collection":[{"href":"https:\/\/rdbella.fr\/index.php?rest_route=\/wp\/v2\/product"}],"about":[{"href":"https:\/\/rdbella.fr\/index.php?rest_route=\/wp\/v2\/types\/product"}],"replies":[{"embeddable":true,"href":"https:\/\/rdbella.fr\/index.php?rest_route=%2Fwp%2Fv2%2Fcomments&post=8347"}],"wp:featuredmedia":[{"embeddable":true,"href":"https:\/\/rdbella.fr\/index.php?rest_route=\/wp\/v2\/media\/8348"}],"wp:attachment":[{"href":"https:\/\/rdbella.fr\/index.php?rest_route=%2Fwp%2Fv2%2Fmedia&parent=8347"}],"wp:term":[{"taxonomy":"product_brand","embeddable":true,"href":"https:\/\/rdbella.fr\/index.php?rest_route=%2Fwp%2Fv2%2Fproduct_brand&post=8347"},{"taxonomy":"product_cat","embeddable":true,"href":"https:\/\/rdbella.fr\/index.php?rest_route=%2Fwp%2Fv2%2Fproduct_cat&post=8347"},{"taxonomy":"product_tag","embeddable":true,"href":"https:\/\/rdbella.fr\/index.php?rest_route=%2Fwp%2Fv2%2Fproduct_tag&post=8347"}],"curies":[{"name":"wp","href":"https:\/\/api.w.org\/{rel}","templated":true}]}}