{"id":8941,"date":"2024-03-15T13:48:39","date_gmt":"2024-03-15T13:48:39","guid":{"rendered":"https:\/\/rdbella.fr\/?post_type=product&#038;p=8941"},"modified":"2025-10-01T11:48:30","modified_gmt":"2025-10-01T11:48:30","slug":"%d8%b7%d9%82%d9%85-%d8%a7%d9%84%d8%a3%d9%86%d9%8a%d9%82%d8%a9-noir-uni","status":"publish","type":"product","link":"https:\/\/rdbella.fr\/?product=%d8%b7%d9%82%d9%85-%d8%a7%d9%84%d8%a3%d9%86%d9%8a%d9%82%d8%a9-noir-uni","title":{"rendered":"\u0637\u0642\u0645 \u0627\u0644\u0623\u0646\u064a\u0642\u0629 Noir uni"},"content":{"rendered":"<p style=\"text-align: left\"><strong>Ensemble carr\u00e9<\/strong><\/p>\n<p>le haut 85 cm de longueur<\/p>\n<p>le pantalon taille haute avec \u00e9lastique au niveau de la taille<\/p>\n<p>Tissu la haute qualit\u00e9<\/p>\n<p>model taille 40 42 1m70 porte taille 1<\/p>\n<p>&nbsp;<\/p>\n<p>&nbsp;<\/p>\n","protected":false},"excerpt":{"rendered":"<p>Ensemble carr\u00e9 le haut 85 cm de longueur le pantalon taille haute avec \u00e9lastique au niveau de la taille Tissu la haute qualit\u00e9 model taille 40 42 1m70 porte taille 1 &nbsp; &nbsp;<\/p>\n","protected":false},"featured_media":8944,"comment_status":"open","ping_status":"closed","template":"","meta":[],"product_brand":[],"product_cat":[108,28,144],"product_tag":[],"class_list":{"0":"post-8941","1":"product","2":"type-product","3":"status-publish","4":"has-post-thumbnail","6":"product_cat-ensemble","7":"product_cat-pre-a-porter","8":"product_cat---2024","10":"first","11":"outofstock","12":"shipping-taxable","13":"product-type-simple"},"jetpack_sharing_enabled":true,"_links":{"self":[{"href":"https:\/\/rdbella.fr\/index.php?rest_route=\/wp\/v2\/product\/8941","targetHints":{"allow":["GET"]}}],"collection":[{"href":"https:\/\/rdbella.fr\/index.php?rest_route=\/wp\/v2\/product"}],"about":[{"href":"https:\/\/rdbella.fr\/index.php?rest_route=\/wp\/v2\/types\/product"}],"replies":[{"embeddable":true,"href":"https:\/\/rdbella.fr\/index.php?rest_route=%2Fwp%2Fv2%2Fcomments&post=8941"}],"wp:featuredmedia":[{"embeddable":true,"href":"https:\/\/rdbella.fr\/index.php?rest_route=\/wp\/v2\/media\/8944"}],"wp:attachment":[{"href":"https:\/\/rdbella.fr\/index.php?rest_route=%2Fwp%2Fv2%2Fmedia&parent=8941"}],"wp:term":[{"taxonomy":"product_brand","embeddable":true,"href":"https:\/\/rdbella.fr\/index.php?rest_route=%2Fwp%2Fv2%2Fproduct_brand&post=8941"},{"taxonomy":"product_cat","embeddable":true,"href":"https:\/\/rdbella.fr\/index.php?rest_route=%2Fwp%2Fv2%2Fproduct_cat&post=8941"},{"taxonomy":"product_tag","embeddable":true,"href":"https:\/\/rdbella.fr\/index.php?rest_route=%2Fwp%2Fv2%2Fproduct_tag&post=8941"}],"curies":[{"name":"wp","href":"https:\/\/api.w.org\/{rel}","templated":true}]}}