{"id":9227,"date":"2024-05-11T18:38:25","date_gmt":"2024-05-11T18:38:25","guid":{"rendered":"https:\/\/rdbella.fr\/?post_type=product&#038;p=9227"},"modified":"2025-10-01T11:48:49","modified_gmt":"2025-10-01T11:48:49","slug":"%d8%b7%d9%82%d9%85-%d8%a7%d9%84%d8%a3%d9%86%d9%8a%d9%82%d8%a9-vert-olive","status":"publish","type":"product","link":"https:\/\/rdbella.fr\/?product=%d8%b7%d9%82%d9%85-%d8%a7%d9%84%d8%a3%d9%86%d9%8a%d9%82%d8%a9-vert-olive","title":{"rendered":"\u0637\u0642\u0645 \u0627\u0644\u0623\u0646\u064a\u0642\u0629 vert olive"},"content":{"rendered":"<p><strong>Ensemble carr\u00e9<\/strong><\/p>\n<p>le haut 85 cm de longueur<\/p>\n<p>le pantalon taille haute avec \u00e9lastique au niveau de la taille<\/p>\n<p>Tissu la haute qualit\u00e9<\/p>\n<p>model taille 40 42 1m70 porte taille 1<\/p>\n","protected":false},"excerpt":{"rendered":"<p>Ensemble carr\u00e9 le haut 85 cm de longueur le pantalon taille haute avec \u00e9lastique au niveau de la taille Tissu la haute qualit\u00e9 model taille 40 42 1m70 porte taille 1<\/p>\n","protected":false},"featured_media":9228,"comment_status":"open","ping_status":"closed","template":"","meta":[],"product_brand":[],"product_cat":[145,28],"product_tag":[],"class_list":{"0":"post-9227","1":"product","2":"type-product","3":"status-publish","4":"has-post-thumbnail","6":"product_cat-nouvelle-collection--2024","7":"product_cat-pre-a-porter","9":"first","10":"outofstock","11":"shipping-taxable","12":"product-type-simple"},"jetpack_sharing_enabled":true,"_links":{"self":[{"href":"https:\/\/rdbella.fr\/index.php?rest_route=\/wp\/v2\/product\/9227","targetHints":{"allow":["GET"]}}],"collection":[{"href":"https:\/\/rdbella.fr\/index.php?rest_route=\/wp\/v2\/product"}],"about":[{"href":"https:\/\/rdbella.fr\/index.php?rest_route=\/wp\/v2\/types\/product"}],"replies":[{"embeddable":true,"href":"https:\/\/rdbella.fr\/index.php?rest_route=%2Fwp%2Fv2%2Fcomments&post=9227"}],"wp:featuredmedia":[{"embeddable":true,"href":"https:\/\/rdbella.fr\/index.php?rest_route=\/wp\/v2\/media\/9228"}],"wp:attachment":[{"href":"https:\/\/rdbella.fr\/index.php?rest_route=%2Fwp%2Fv2%2Fmedia&parent=9227"}],"wp:term":[{"taxonomy":"product_brand","embeddable":true,"href":"https:\/\/rdbella.fr\/index.php?rest_route=%2Fwp%2Fv2%2Fproduct_brand&post=9227"},{"taxonomy":"product_cat","embeddable":true,"href":"https:\/\/rdbella.fr\/index.php?rest_route=%2Fwp%2Fv2%2Fproduct_cat&post=9227"},{"taxonomy":"product_tag","embeddable":true,"href":"https:\/\/rdbella.fr\/index.php?rest_route=%2Fwp%2Fv2%2Fproduct_tag&post=9227"}],"curies":[{"name":"wp","href":"https:\/\/api.w.org\/{rel}","templated":true}]}}