{"id":9486,"date":"2024-05-25T19:14:12","date_gmt":"2024-05-25T19:14:12","guid":{"rendered":"https:\/\/rdbella.fr\/?post_type=product&#038;p=9486"},"modified":"2024-05-25T20:21:45","modified_gmt":"2024-05-25T20:21:45","slug":"burkini-%d9%83%d8%a7%d9%88%d9%8a-forme-grande-taille-en-noir","status":"publish","type":"product","link":"https:\/\/rdbella.fr\/?product=burkini-%d9%83%d8%a7%d9%88%d9%8a-forme-grande-taille-en-noir","title":{"rendered":"Burkini \u0643\u0627\u0648\u064a forme grande taille en noir"},"content":{"rendered":"<p><strong>Burkini kaoui model forme<\/strong><br \/>\n<b>Tissu :\u00a0<\/b> kaoui , imperm\u00e9able qui s\u00e8che tr\u00e8s vite<br \/>\nSouple et fluide<br \/>\n<strong>compos\u00e9 \u00a0de trois pieces :<\/strong><\/p>\n<p><strong>Tunique<\/strong> en tissu kaoui , une \u00a0fermeture \u00e9clair d\u00e9tachable de tr\u00e8s bon qualit\u00e9 (\u062a\u0648\u0627\u0644\u0645 \u0627\u0644\u0645\u0631\u0623\u0629 \u0627\u0644\u0645\u0631\u0636\u0639\u0629 ) , model forme avec \u00e9lastique au niveau de sous poitrine \u060cfacile \u00e0 habiller et d\u00e9shabiller<\/p>\n<p><strong>Des manches en tissu maillot<\/strong><\/p>\n<p>Collon tissu malliot taille haute , avec \u00e9lastique au niveau de la taille<\/p>\n<p><strong>Bonnet<\/strong>( turban ) bien serr\u00e9 ,\u0645\u0646 \u0627\u0644\u0635\u0639\u0628 \u0633\u0642\u0648\u0637\u0647 \u0641\u064a \u0627\u0644\u0645\u0627\u0621<\/p>\n<p><strong>couleur<\/strong> : Noir , bleu nuit \u00a0, bleu turquoise<\/p>\n<p>mannequin 40 42 porte taille 1 ( 1m70 )<\/p>\n","protected":false},"excerpt":{"rendered":"<p>Burkini kaoui model forme Tissu :\u00a0 kaoui , imperm\u00e9able qui s\u00e8che tr\u00e8s vite Souple et fluide compos\u00e9 \u00a0de trois pieces : Tunique en tissu kaoui , une \u00a0fermeture \u00e9clair d\u00e9tachable de tr\u00e8s bon qualit\u00e9 (\u062a\u0648\u0627\u0644\u0645 \u0627\u0644\u0645\u0631\u0623\u0629 \u0627\u0644\u0645\u0631\u0636\u0639\u0629 ) , model forme avec \u00e9lastique au niveau de sous poitrine \u060cfacile \u00e0 habiller et d\u00e9shabiller Des manches [&#8230;]\n","protected":false},"featured_media":9465,"comment_status":"open","ping_status":"closed","template":"","meta":[],"product_brand":[],"product_cat":[146],"product_tag":[],"class_list":{"0":"post-9486","1":"product","2":"type-product","3":"status-publish","4":"has-post-thumbnail","6":"product_cat-burkini-2024","8":"first","9":"instock","10":"shipping-taxable","11":"purchasable","12":"product-type-variable"},"jetpack_sharing_enabled":true,"_links":{"self":[{"href":"https:\/\/rdbella.fr\/index.php?rest_route=\/wp\/v2\/product\/9486","targetHints":{"allow":["GET"]}}],"collection":[{"href":"https:\/\/rdbella.fr\/index.php?rest_route=\/wp\/v2\/product"}],"about":[{"href":"https:\/\/rdbella.fr\/index.php?rest_route=\/wp\/v2\/types\/product"}],"replies":[{"embeddable":true,"href":"https:\/\/rdbella.fr\/index.php?rest_route=%2Fwp%2Fv2%2Fcomments&post=9486"}],"wp:featuredmedia":[{"embeddable":true,"href":"https:\/\/rdbella.fr\/index.php?rest_route=\/wp\/v2\/media\/9465"}],"wp:attachment":[{"href":"https:\/\/rdbella.fr\/index.php?rest_route=%2Fwp%2Fv2%2Fmedia&parent=9486"}],"wp:term":[{"taxonomy":"product_brand","embeddable":true,"href":"https:\/\/rdbella.fr\/index.php?rest_route=%2Fwp%2Fv2%2Fproduct_brand&post=9486"},{"taxonomy":"product_cat","embeddable":true,"href":"https:\/\/rdbella.fr\/index.php?rest_route=%2Fwp%2Fv2%2Fproduct_cat&post=9486"},{"taxonomy":"product_tag","embeddable":true,"href":"https:\/\/rdbella.fr\/index.php?rest_route=%2Fwp%2Fv2%2Fproduct_tag&post=9486"}],"curies":[{"name":"wp","href":"https:\/\/api.w.org\/{rel}","templated":true}]}}